{"id":24206,"date":"2025-12-04T12:10:33","date_gmt":"2025-12-04T11:10:33","guid":{"rendered":"https:\/\/www.elgatambbotes.com\/?post_type=product&#038;p=24206"},"modified":"2026-03-20T12:52:44","modified_gmt":"2026-03-20T11:52:44","slug":"mayura-2688-crazy-old-sadale","status":"publish","type":"product","link":"https:\/\/www.elgatambbotes.com\/ca\/producto\/mujer\/botas-cowboy-mujer\/mayura-2688-crazy-old-sadale\/","title":{"rendered":"Mayura 2688 Crazy Old Sadale"},"content":{"rendered":"","protected":false},"excerpt":{"rendered":"<p class=\"translation-block\"><b>Mayura Boots<\/b> de mitja canya per a dona, de pell de bov\u00ed en to marr\u00f3 engrassat. Amb <b>cremallera interior<\/b> per a m\u00e9s comoditat a l\u2019hora de cal\u00e7ar-se. <strong>D<\/strong><b>etalls brodats<\/b> i petites <b>tacs met\u00e0l\u00b7lics<\/b> que aporten car\u00e0cter, a m\u00e9s d\u2019una <b>punta arrodonida<\/b> i elegant. Ideal per a un look vers\u00e0til i modern. Sola de cuir i cosit Goodyear. Model exclusiu que nom\u00e9s trobar\u00e0s a les nostres botigues.<\/p>","protected":false},"featured_media":24196,"template":"","meta":[],"product_brand":[152],"product_cat":[82,83,97],"product_tag":[],"giftcard-category":[],"class_list":{"0":"post-24206","1":"product","2":"type-product","3":"status-publish","4":"has-post-thumbnail","6":"product_brand-mayura-boots","7":"product_cat-botas-cowboy-mujer","8":"product_cat-botines-cowboy-mujer","9":"product_cat-mayura-boots","10":"pa_color-marron","11":"pa_talla-100","12":"pa_talla-101","13":"pa_talla-102","14":"pa_talla-103","15":"pa_talla-104","16":"pa_talla-105","18":"first","19":"instock","20":"shipping-taxable","21":"purchasable","22":"product-type-variable"},"_links":{"self":[{"href":"https:\/\/www.elgatambbotes.com\/ca\/wp-json\/wp\/v2\/product\/24206","targetHints":{"allow":["GET"]}}],"collection":[{"href":"https:\/\/www.elgatambbotes.com\/ca\/wp-json\/wp\/v2\/product"}],"about":[{"href":"https:\/\/www.elgatambbotes.com\/ca\/wp-json\/wp\/v2\/types\/product"}],"wp:featuredmedia":[{"embeddable":true,"href":"https:\/\/www.elgatambbotes.com\/ca\/wp-json\/wp\/v2\/media\/24196"}],"wp:attachment":[{"href":"https:\/\/www.elgatambbotes.com\/ca\/wp-json\/wp\/v2\/media?parent=24206"}],"wp:term":[{"taxonomy":"product_brand","embeddable":true,"href":"https:\/\/www.elgatambbotes.com\/ca\/wp-json\/wp\/v2\/product_brand?post=24206"},{"taxonomy":"product_cat","embeddable":true,"href":"https:\/\/www.elgatambbotes.com\/ca\/wp-json\/wp\/v2\/product_cat?post=24206"},{"taxonomy":"product_tag","embeddable":true,"href":"https:\/\/www.elgatambbotes.com\/ca\/wp-json\/wp\/v2\/product_tag?post=24206"},{"taxonomy":"giftcard-category","embeddable":true,"href":"https:\/\/www.elgatambbotes.com\/ca\/wp-json\/wp\/v2\/giftcard-category?post=24206"}],"curies":[{"name":"wp","href":"https:\/\/api.w.org\/{rel}","templated":true}]}}