{"id":24068,"date":"2025-11-04T12:38:24","date_gmt":"2025-11-04T11:38:24","guid":{"rendered":"https:\/\/www.elgatambbotes.com\/?post_type=product&#038;p=24068"},"modified":"2026-02-13T13:12:03","modified_gmt":"2026-02-13T12:12:03","slug":"stetson-3698531-western-mexican-palm","status":"publish","type":"product","link":"https:\/\/www.elgatambbotes.com\/ca\/producto\/complementos\/sombreros-cowboy\/stetson-3698531-western-mexican-palm\/","title":{"rendered":"STETSON 3698531 WESTERN MEXICAN PALM"},"content":{"rendered":"","protected":false},"excerpt":{"rendered":"<p class=\"translation-block\">Descobreix l\u2019ess\u00e8ncia de l\u2019aut\u00e8ntic estil vaquer amb el Stetson Western Mexican Palm Hat. Confeccionat acuradament amb <b>100 % palla natural de palma mexicana<\/b>, aquest barret combina lleugeresa i una estructura robusta, perfectament adaptada al sol (UV 40+) i a l\u2019\u00fas prolongat.<\/p>\n<p class=\"translation-block\">La seva <b>copa d\u2019estil <em>teardrop<\/em><\/b>, d\u2019aproximadament 10-11 cm d\u2019al\u00e7ada, crea una silueta cl\u00e0ssica de cowboy amb car\u00e0cter. L\u2019ala fa aproximadament 10 cm d\u2019amplada i est\u00e0 lleugerament corbada cap als laterals, fet que li aporta pres\u00e8ncia i un estil western aut\u00e8ntic. Incorpora una <b>bandana interior c\u00f2moda i transpirable<\/b>, dissenyada per garantir un ajust perfecte i comoditat fins i tot durant llargues jornades a l\u2019aire lliure.<\/p>\n<p class=\"translation-block\">Es complementa amb una <strong>doble cinta de cuir exterior i un pin met\u00e0l\u00b7lic<\/strong> de la marca. Detalls refinats que eleven la seva eleg\u00e0ncia sense perdre la seva actitud western aut\u00e8ntica. Perfecte per combinar amb botes, camises d\u2019estil western o simplement per donar un toc de car\u00e0cter al teu outfit diari. Un barret que no nom\u00e9s vesteix, sin\u00f3 que defineix un estil.<\/p>\n<p>Made in Mexico.<\/p>","protected":false},"featured_media":24067,"template":"","meta":[],"product_brand":[154],"product_cat":[22,30,95],"product_tag":[],"giftcard-category":[],"class_list":{"0":"post-24068","1":"product","2":"type-product","3":"status-publish","4":"has-post-thumbnail","6":"product_brand-stetson","7":"product_cat-complementos","8":"product_cat-sombreros-cowboy","9":"product_cat-stetson","10":"pa_color-natural","11":"pa_color-tostado","12":"pa_talla-l","13":"pa_talla-m","14":"pa_talla-s","15":"pa_talla-xl","17":"first","18":"instock","19":"shipping-taxable","20":"purchasable","21":"product-type-variable"},"_links":{"self":[{"href":"https:\/\/www.elgatambbotes.com\/ca\/wp-json\/wp\/v2\/product\/24068","targetHints":{"allow":["GET"]}}],"collection":[{"href":"https:\/\/www.elgatambbotes.com\/ca\/wp-json\/wp\/v2\/product"}],"about":[{"href":"https:\/\/www.elgatambbotes.com\/ca\/wp-json\/wp\/v2\/types\/product"}],"wp:featuredmedia":[{"embeddable":true,"href":"https:\/\/www.elgatambbotes.com\/ca\/wp-json\/wp\/v2\/media\/24067"}],"wp:attachment":[{"href":"https:\/\/www.elgatambbotes.com\/ca\/wp-json\/wp\/v2\/media?parent=24068"}],"wp:term":[{"taxonomy":"product_brand","embeddable":true,"href":"https:\/\/www.elgatambbotes.com\/ca\/wp-json\/wp\/v2\/product_brand?post=24068"},{"taxonomy":"product_cat","embeddable":true,"href":"https:\/\/www.elgatambbotes.com\/ca\/wp-json\/wp\/v2\/product_cat?post=24068"},{"taxonomy":"product_tag","embeddable":true,"href":"https:\/\/www.elgatambbotes.com\/ca\/wp-json\/wp\/v2\/product_tag?post=24068"},{"taxonomy":"giftcard-category","embeddable":true,"href":"https:\/\/www.elgatambbotes.com\/ca\/wp-json\/wp\/v2\/giftcard-category?post=24068"}],"curies":[{"name":"wp","href":"https:\/\/api.w.org\/{rel}","templated":true}]}}