{"id":23759,"date":"2025-07-31T12:02:57","date_gmt":"2025-07-31T10:02:57","guid":{"rendered":"https:\/\/www.elgatambbotes.com\/?post_type=product&#038;p=23759"},"modified":"2026-02-13T12:59:27","modified_gmt":"2026-02-13T11:59:27","slug":"stetson-3598102-hackberry-western-woolfelt-62-chocolate","status":"publish","type":"product","link":"https:\/\/www.elgatambbotes.com\/ca\/producto\/marcas\/stetson\/stetson-3598102-hackberry-western-woolfelt-62-chocolate\/","title":{"rendered":"STETSON 3598102 HACKBERRY WESTERN WOOLFELT 62 CHOCOLATE"},"content":{"rendered":"","protected":false},"excerpt":{"rendered":"<p><strong>Barret de llana<\/strong> estil cowboy. Gr\u00e0cies a la seva <strong>impermeabilitat<\/strong> , \u00e9s especialment pr\u00e0ctic per a l\u2019\u00fas a l\u2019exterior. Un material elaborat amb cura, <strong>compost per un 100% de llana d\u2019ovella australiana<\/strong>, que proporciona calidesa i una suavitat molt c\u00f2moda. La seva <strong>corretja de pell marr\u00f3<\/strong>\u00a0amb aplicacions met\u00e0l\u00b7liques completa un look elegant i atractiu, f\u00e0cil de combinar de mil maneres.\nEls aficionats a l\u2019estil cowboy i del Far West, aix\u00ed com els amants de la vida a l\u2019aire lliure, descobriran que la seva <strong>copa estil Teardrop<\/strong> (aprox. 10,5 cm) i la vora ampla (aprox. 8,5 cm) amb els laterals corbats cap amunt s\u00f3n exactament el que estan buscant: un barret de l\u2019Oest que despr\u00e8n car\u00e0cter i que, gr\u00e0cies al seu contorn corbat, ofereix una <strong>protecci\u00f3 adequada<\/strong> contra les inclem\u00e8ncies del temps.<\/p>","protected":false},"featured_media":23709,"template":"","meta":[],"product_brand":[154],"product_cat":[95,22,30],"product_tag":[],"giftcard-category":[],"class_list":{"0":"post-23759","1":"product","2":"type-product","3":"status-publish","4":"has-post-thumbnail","6":"product_brand-stetson","7":"product_cat-stetson","8":"product_cat-complementos","9":"product_cat-sombreros-cowboy","10":"pa_color-marron","11":"pa_talla-l","12":"pa_talla-m","13":"pa_talla-s","14":"pa_talla-xl","16":"first","17":"instock","18":"shipping-taxable","19":"purchasable","20":"product-type-variable"},"_links":{"self":[{"href":"https:\/\/www.elgatambbotes.com\/ca\/wp-json\/wp\/v2\/product\/23759","targetHints":{"allow":["GET"]}}],"collection":[{"href":"https:\/\/www.elgatambbotes.com\/ca\/wp-json\/wp\/v2\/product"}],"about":[{"href":"https:\/\/www.elgatambbotes.com\/ca\/wp-json\/wp\/v2\/types\/product"}],"wp:featuredmedia":[{"embeddable":true,"href":"https:\/\/www.elgatambbotes.com\/ca\/wp-json\/wp\/v2\/media\/23709"}],"wp:attachment":[{"href":"https:\/\/www.elgatambbotes.com\/ca\/wp-json\/wp\/v2\/media?parent=23759"}],"wp:term":[{"taxonomy":"product_brand","embeddable":true,"href":"https:\/\/www.elgatambbotes.com\/ca\/wp-json\/wp\/v2\/product_brand?post=23759"},{"taxonomy":"product_cat","embeddable":true,"href":"https:\/\/www.elgatambbotes.com\/ca\/wp-json\/wp\/v2\/product_cat?post=23759"},{"taxonomy":"product_tag","embeddable":true,"href":"https:\/\/www.elgatambbotes.com\/ca\/wp-json\/wp\/v2\/product_tag?post=23759"},{"taxonomy":"giftcard-category","embeddable":true,"href":"https:\/\/www.elgatambbotes.com\/ca\/wp-json\/wp\/v2\/giftcard-category?post=23759"}],"curies":[{"name":"wp","href":"https:\/\/api.w.org\/{rel}","templated":true}]}}