{"id":23747,"date":"2025-07-30T13:06:54","date_gmt":"2025-07-30T11:06:54","guid":{"rendered":"https:\/\/www.elgatambbotes.com\/?post_type=product&#038;p=23747"},"modified":"2026-04-13T11:16:10","modified_gmt":"2026-04-13T09:16:10","slug":"stetson-3198903-ranson-western-vented-toyo-71-offwhite","status":"publish","type":"product","link":"https:\/\/www.elgatambbotes.com\/ca\/producto\/complementos\/sombreros-cowboy\/stetson-3198903-ranson-western-vented-toyo-71-offwhite\/","title":{"rendered":"STETSON 3198903 RANSON WESTERN VENTED TOYO 71 OFFWHITE"},"content":{"rendered":"","protected":false},"excerpt":{"rendered":"<p>Barret cowboy fabricat amb <strong>palla Toyo<\/strong> trenada amb cura, de color natural. <strong>Copa Cattleman<\/strong> d\u2019aproximadament 10,5 cm i una ala de 11 cm, oferint una silueta cl\u00e0ssica del Far West. Incorpora una badana interior molt suau i absorbent per a m\u00e9s confort, aix\u00ed com una ala modelable per adaptar-la al teu estil. Est\u00e0 decorat amb una <strong>tira de pell marr\u00f3 xocolata<\/strong> amb aplicacions i <strong>pins met\u00e0l\u00b7lics de Stetson<\/strong> a un costat, que li donen un estil aut\u00e8ntic i refinat. Gr\u00e0cies a la seva copa microperforada, la seva lleugeresa i la protecci\u00f3 solar UV 40, \u00e9s el complement ideal per als dies calorosos d\u2019estiu.<\/p>\n<p>Made in Mexico.<\/p>","protected":false},"featured_media":23701,"template":"","meta":[],"product_brand":[154],"product_cat":[22,30,95],"product_tag":[],"giftcard-category":[],"class_list":{"0":"post-23747","1":"product","2":"type-product","3":"status-publish","4":"has-post-thumbnail","6":"product_brand-stetson","7":"product_cat-complementos","8":"product_cat-sombreros-cowboy","9":"product_cat-stetson","10":"pa_color-natural","11":"pa_talla-l","12":"pa_talla-m","13":"pa_talla-s","14":"pa_talla-xl","16":"first","17":"instock","18":"shipping-taxable","19":"purchasable","20":"product-type-variable"},"_links":{"self":[{"href":"https:\/\/www.elgatambbotes.com\/ca\/wp-json\/wp\/v2\/product\/23747","targetHints":{"allow":["GET"]}}],"collection":[{"href":"https:\/\/www.elgatambbotes.com\/ca\/wp-json\/wp\/v2\/product"}],"about":[{"href":"https:\/\/www.elgatambbotes.com\/ca\/wp-json\/wp\/v2\/types\/product"}],"wp:featuredmedia":[{"embeddable":true,"href":"https:\/\/www.elgatambbotes.com\/ca\/wp-json\/wp\/v2\/media\/23701"}],"wp:attachment":[{"href":"https:\/\/www.elgatambbotes.com\/ca\/wp-json\/wp\/v2\/media?parent=23747"}],"wp:term":[{"taxonomy":"product_brand","embeddable":true,"href":"https:\/\/www.elgatambbotes.com\/ca\/wp-json\/wp\/v2\/product_brand?post=23747"},{"taxonomy":"product_cat","embeddable":true,"href":"https:\/\/www.elgatambbotes.com\/ca\/wp-json\/wp\/v2\/product_cat?post=23747"},{"taxonomy":"product_tag","embeddable":true,"href":"https:\/\/www.elgatambbotes.com\/ca\/wp-json\/wp\/v2\/product_tag?post=23747"},{"taxonomy":"giftcard-category","embeddable":true,"href":"https:\/\/www.elgatambbotes.com\/ca\/wp-json\/wp\/v2\/giftcard-category?post=23747"}],"curies":[{"name":"wp","href":"https:\/\/api.w.org\/{rel}","templated":true}]}}