{"id":23735,"date":"2025-07-30T11:06:29","date_gmt":"2025-07-30T09:06:29","guid":{"rendered":"https:\/\/www.elgatambbotes.com\/?post_type=product&#038;p=23735"},"modified":"2026-04-23T13:20:51","modified_gmt":"2026-04-23T11:20:51","slug":"stetson-3198512-western-edcouch-oeste-toyo-71-bleached","status":"publish","type":"product","link":"https:\/\/www.elgatambbotes.com\/ca\/producto\/marcas\/stetson\/stetson-3198512-western-edcouch-oeste-toyo-71-bleached\/","title":{"rendered":"STETSON 3198512 WESTERN EDCOUCH OESTE TOYO 71 BLEACHED"},"content":{"rendered":"","protected":false},"excerpt":{"rendered":"<p>Barret cowboy fabricat amb <strong>palla Toyo<\/strong> trenada amb cura, de color natural. <strong>Copa Cattleman<\/strong> de 12 cm (aprox.) i ala de 9 cm (aprox.). Porta una badana interior molt suau i absorbent per oferir m\u00e9s confort, i una ala modelable. Est\u00e0 decorat amb una <strong>tira de pell marr\u00f3<\/strong> amb repunts en contrast i el cl\u00e0ssic <strong>pin met\u00e0l\u00b7lic de Stetson<\/strong> a un costat per a un estil impecable. La seva lleugeresa i protecci\u00f3 solar el converteixen en el millor aliat durant els c\u00e0lids dies d\u2019estiu.<\/p>","protected":false},"featured_media":23696,"template":"","meta":[],"product_brand":[154],"product_cat":[95,22,30],"product_tag":[],"giftcard-category":[],"class_list":{"0":"post-23735","1":"product","2":"type-product","3":"status-publish","4":"has-post-thumbnail","6":"product_brand-stetson","7":"product_cat-stetson","8":"product_cat-complementos","9":"product_cat-sombreros-cowboy","10":"pa_color-natural","11":"pa_talla-l","12":"pa_talla-m","13":"pa_talla-s","14":"pa_talla-xl","16":"first","17":"instock","18":"shipping-taxable","19":"purchasable","20":"product-type-variable"},"_links":{"self":[{"href":"https:\/\/www.elgatambbotes.com\/ca\/wp-json\/wp\/v2\/product\/23735","targetHints":{"allow":["GET"]}}],"collection":[{"href":"https:\/\/www.elgatambbotes.com\/ca\/wp-json\/wp\/v2\/product"}],"about":[{"href":"https:\/\/www.elgatambbotes.com\/ca\/wp-json\/wp\/v2\/types\/product"}],"wp:featuredmedia":[{"embeddable":true,"href":"https:\/\/www.elgatambbotes.com\/ca\/wp-json\/wp\/v2\/media\/23696"}],"wp:attachment":[{"href":"https:\/\/www.elgatambbotes.com\/ca\/wp-json\/wp\/v2\/media?parent=23735"}],"wp:term":[{"taxonomy":"product_brand","embeddable":true,"href":"https:\/\/www.elgatambbotes.com\/ca\/wp-json\/wp\/v2\/product_brand?post=23735"},{"taxonomy":"product_cat","embeddable":true,"href":"https:\/\/www.elgatambbotes.com\/ca\/wp-json\/wp\/v2\/product_cat?post=23735"},{"taxonomy":"product_tag","embeddable":true,"href":"https:\/\/www.elgatambbotes.com\/ca\/wp-json\/wp\/v2\/product_tag?post=23735"},{"taxonomy":"giftcard-category","embeddable":true,"href":"https:\/\/www.elgatambbotes.com\/ca\/wp-json\/wp\/v2\/giftcard-category?post=23735"}],"curies":[{"name":"wp","href":"https:\/\/api.w.org\/{rel}","templated":true}]}}