{"id":23408,"date":"2025-05-27T13:47:41","date_gmt":"2025-05-27T11:47:41","guid":{"rendered":"https:\/\/www.elgatambbotes.com\/?post_type=product&#038;p=23408"},"modified":"2026-02-13T12:52:43","modified_gmt":"2026-02-13T11:52:43","slug":"bailey-lightning-4x-w0604a-fawn","status":"publish","type":"product","link":"https:\/\/www.elgatambbotes.com\/ca\/producto\/marcas\/bailey-hats\/bailey-lightning-4x-w0604a-fawn\/","title":{"rendered":"BAILEY LIGHTNING 4X W0604A FAWN"},"content":{"rendered":"","protected":false},"excerpt":{"rendered":"<p>El <b>Lightning 4X<\/b> de <b>Bailey<\/b> \u00e9s un barret tex\u00e0 cl\u00e0ssic, fabricat en una <b>barreja de llana i angora 4X<\/b>, amb una <b>copa Cattleman allargada <\/b>de 12,07 cm i una ala de 10,16 cm amb corba frontal.<\/p>\n<p>Est\u00e0 acabat amb una <b>banda de feltre a to<\/b> i una elegant <b>sivella platejada<\/b>, a m\u00e9s de comptar amb <b>folre interior complet<\/b> i <b>badana de cuir per a m\u00e9s confort<\/b>.<br \/>\nS\u00b4envia en caixa original Bailey Western.<\/p>\n<p>Made in the USA.<\/p>","protected":false},"featured_media":23389,"template":"","meta":[],"product_brand":[155],"product_cat":[149,22,30],"product_tag":[],"giftcard-category":[],"class_list":{"0":"post-23408","1":"product","2":"type-product","3":"status-publish","4":"has-post-thumbnail","6":"product_brand-bailey-hats","7":"product_cat-bailey-hats","8":"product_cat-complementos","9":"product_cat-sombreros-cowboy","10":"pa_color-beige","11":"pa_talla-174","12":"pa_talla-175","13":"pa_talla-176","15":"first","16":"instock","17":"shipping-taxable","18":"purchasable","19":"product-type-variable"},"_links":{"self":[{"href":"https:\/\/www.elgatambbotes.com\/ca\/wp-json\/wp\/v2\/product\/23408","targetHints":{"allow":["GET"]}}],"collection":[{"href":"https:\/\/www.elgatambbotes.com\/ca\/wp-json\/wp\/v2\/product"}],"about":[{"href":"https:\/\/www.elgatambbotes.com\/ca\/wp-json\/wp\/v2\/types\/product"}],"wp:featuredmedia":[{"embeddable":true,"href":"https:\/\/www.elgatambbotes.com\/ca\/wp-json\/wp\/v2\/media\/23389"}],"wp:attachment":[{"href":"https:\/\/www.elgatambbotes.com\/ca\/wp-json\/wp\/v2\/media?parent=23408"}],"wp:term":[{"taxonomy":"product_brand","embeddable":true,"href":"https:\/\/www.elgatambbotes.com\/ca\/wp-json\/wp\/v2\/product_brand?post=23408"},{"taxonomy":"product_cat","embeddable":true,"href":"https:\/\/www.elgatambbotes.com\/ca\/wp-json\/wp\/v2\/product_cat?post=23408"},{"taxonomy":"product_tag","embeddable":true,"href":"https:\/\/www.elgatambbotes.com\/ca\/wp-json\/wp\/v2\/product_tag?post=23408"},{"taxonomy":"giftcard-category","embeddable":true,"href":"https:\/\/www.elgatambbotes.com\/ca\/wp-json\/wp\/v2\/giftcard-category?post=23408"}],"curies":[{"name":"wp","href":"https:\/\/api.w.org\/{rel}","templated":true}]}}