{"id":23401,"date":"2025-05-27T13:32:19","date_gmt":"2025-05-27T11:32:19","guid":{"rendered":"https:\/\/www.elgatambbotes.com\/?post_type=product&#038;p=23401"},"modified":"2026-02-13T12:49:50","modified_gmt":"2026-02-13T11:49:50","slug":"bailey-cassius-s1407a-natural-tan","status":"publish","type":"product","link":"https:\/\/www.elgatambbotes.com\/ca\/producto\/marcas\/bailey-hats\/bailey-cassius-s1407a-natural-tan\/","title":{"rendered":"BAILEY CASSIUS S1407A NATURAL\/TAN"},"content":{"rendered":"","protected":false},"excerpt":{"rendered":"<p>El <b>Cassius 7X<\/b> de <b>Bailey<\/b> \u00e9s un barret tex\u00e0 elegant i funcional, fabricat en dos tons (natural i beix) amb una <b>copa baixa estil Cheyenne<\/b> allargada, que ofereix una excel\u00b7lent ventilaci\u00f3. Compta amb una ala de 10,8 cm, <b>banda de cuir<\/b> de dues capes, el mini <b>pin met\u00e0l\u00b7lic d&#039;esper\u00f3 Bailey<\/b> i badana interior <b>Dri-Lex<\/b> que absorbeix la humitat per mantenir-te fresc i c\u00f2mode en qualsevol situaci\u00f3, ja sigui al ranxo, al rodeo o a la pista de ball. Estil cl\u00e0ssic amb el confort i qualitat que distingeixen Bailey.<\/p>\n<p>USA Import.<\/p>","protected":false},"featured_media":23382,"template":"","meta":[],"product_brand":[155],"product_cat":[149,22,30],"product_tag":[],"giftcard-category":[],"class_list":{"0":"post-23401","1":"product","2":"type-product","3":"status-publish","4":"has-post-thumbnail","6":"product_brand-bailey-hats","7":"product_cat-bailey-hats","8":"product_cat-complementos","9":"product_cat-sombreros-cowboy","10":"pa_color-natural","11":"pa_color-tostado","12":"pa_talla-171","13":"pa_talla-172","14":"pa_talla-173","15":"pa_talla-174","16":"pa_talla-175","17":"pa_talla-176","18":"pa_talla-177","20":"first","21":"instock","22":"shipping-taxable","23":"purchasable","24":"product-type-variable"},"_links":{"self":[{"href":"https:\/\/www.elgatambbotes.com\/ca\/wp-json\/wp\/v2\/product\/23401","targetHints":{"allow":["GET"]}}],"collection":[{"href":"https:\/\/www.elgatambbotes.com\/ca\/wp-json\/wp\/v2\/product"}],"about":[{"href":"https:\/\/www.elgatambbotes.com\/ca\/wp-json\/wp\/v2\/types\/product"}],"wp:featuredmedia":[{"embeddable":true,"href":"https:\/\/www.elgatambbotes.com\/ca\/wp-json\/wp\/v2\/media\/23382"}],"wp:attachment":[{"href":"https:\/\/www.elgatambbotes.com\/ca\/wp-json\/wp\/v2\/media?parent=23401"}],"wp:term":[{"taxonomy":"product_brand","embeddable":true,"href":"https:\/\/www.elgatambbotes.com\/ca\/wp-json\/wp\/v2\/product_brand?post=23401"},{"taxonomy":"product_cat","embeddable":true,"href":"https:\/\/www.elgatambbotes.com\/ca\/wp-json\/wp\/v2\/product_cat?post=23401"},{"taxonomy":"product_tag","embeddable":true,"href":"https:\/\/www.elgatambbotes.com\/ca\/wp-json\/wp\/v2\/product_tag?post=23401"},{"taxonomy":"giftcard-category","embeddable":true,"href":"https:\/\/www.elgatambbotes.com\/ca\/wp-json\/wp\/v2\/giftcard-category?post=23401"}],"curies":[{"name":"wp","href":"https:\/\/api.w.org\/{rel}","templated":true}]}}