{"id":23399,"date":"2025-05-30T12:56:22","date_gmt":"2025-05-30T10:56:22","guid":{"rendered":"https:\/\/www.elgatambbotes.com\/?post_type=product&#038;p=23399"},"modified":"2026-03-22T20:45:40","modified_gmt":"2026-03-22T19:45:40","slug":"bailey-big-bend-s19bga-ivory","status":"publish","type":"product","link":"https:\/\/www.elgatambbotes.com\/ca\/producto\/marcas\/bailey-hats\/bailey-big-bend-s19bga-ivory\/","title":{"rendered":"BAILEY BIG BEND S19BGA IVORY"},"content":{"rendered":"","protected":false},"excerpt":{"rendered":"<p>El <b>Big Bend<\/b> de la reconeguda marca <b>Bailey<\/b> \u00e9s un barret tex\u00e0 fabricat a <b>palla Bangora<\/b>, dissenyat per als que busquen estil i funcionalitat. Presenta un exclusiu patr\u00f3 de <b>ventilaci\u00f3 en espiga<\/b> a la copa i est\u00e0 adornat amb una <b>banda de cuir <\/b>genu\u00ed i el distintiu <b>pin met\u00e0l\u00b7lic d&#039;esper\u00f3<\/b> de Bailey. Amb una <b>copa estil Rodeo <\/b>ovalada rodona de 10,2 cm i una ala de 10,8 cm, ofereix una silueta cl\u00e0ssica i excel\u00b7lent protecci\u00f3 solar. La badana interior<b> Dri-Lex<\/b> absorbeix la humitat, mantenint-te fresc, sec i c\u00f2mode en tot moment. Perfecte per a un look western aut\u00e8ntic amb la qualitat i eleg\u00e0ncia que distingeix Bailey.<\/p>\n<p>USA Import.<\/p>","protected":false},"featured_media":23381,"template":"","meta":[],"product_brand":[155],"product_cat":[149,22,30],"product_tag":[],"giftcard-category":[],"class_list":{"0":"post-23399","1":"product","2":"type-product","3":"status-publish","4":"has-post-thumbnail","6":"product_brand-bailey-hats","7":"product_cat-bailey-hats","8":"product_cat-complementos","9":"product_cat-sombreros-cowboy","10":"pa_color-ivory","11":"pa_talla-171","12":"pa_talla-172","13":"pa_talla-173","14":"pa_talla-174","15":"pa_talla-175","16":"pa_talla-176","17":"pa_talla-177","19":"first","20":"instock","21":"shipping-taxable","22":"purchasable","23":"product-type-variable"},"_links":{"self":[{"href":"https:\/\/www.elgatambbotes.com\/ca\/wp-json\/wp\/v2\/product\/23399","targetHints":{"allow":["GET"]}}],"collection":[{"href":"https:\/\/www.elgatambbotes.com\/ca\/wp-json\/wp\/v2\/product"}],"about":[{"href":"https:\/\/www.elgatambbotes.com\/ca\/wp-json\/wp\/v2\/types\/product"}],"wp:featuredmedia":[{"embeddable":true,"href":"https:\/\/www.elgatambbotes.com\/ca\/wp-json\/wp\/v2\/media\/23381"}],"wp:attachment":[{"href":"https:\/\/www.elgatambbotes.com\/ca\/wp-json\/wp\/v2\/media?parent=23399"}],"wp:term":[{"taxonomy":"product_brand","embeddable":true,"href":"https:\/\/www.elgatambbotes.com\/ca\/wp-json\/wp\/v2\/product_brand?post=23399"},{"taxonomy":"product_cat","embeddable":true,"href":"https:\/\/www.elgatambbotes.com\/ca\/wp-json\/wp\/v2\/product_cat?post=23399"},{"taxonomy":"product_tag","embeddable":true,"href":"https:\/\/www.elgatambbotes.com\/ca\/wp-json\/wp\/v2\/product_tag?post=23399"},{"taxonomy":"giftcard-category","embeddable":true,"href":"https:\/\/www.elgatambbotes.com\/ca\/wp-json\/wp\/v2\/giftcard-category?post=23399"}],"curies":[{"name":"wp","href":"https:\/\/api.w.org\/{rel}","templated":true}]}}