{"id":23303,"date":"2025-04-24T11:36:58","date_gmt":"2025-04-24T09:36:58","guid":{"rendered":"https:\/\/www.elgatambbotes.com\/?post_type=product&#038;p=23303"},"modified":"2026-03-20T13:03:15","modified_gmt":"2026-03-20T12:03:15","slug":"mayura-24-crazy-old-sadale","status":"publish","type":"product","link":"https:\/\/www.elgatambbotes.com\/ca\/producto\/hombre\/botas-biker-hombre\/mayura-24-crazy-old-sadale\/","title":{"rendered":"Mayura 24 Crazy Old Sadale"},"content":{"rendered":"","protected":false},"excerpt":{"rendered":"<p>Bot\u00ed punta quadrada <strong>Mayura Boots<\/strong> d&#039;home, confeccionada amb pell bov\u00ed greixada de primera qualitat. Plantilla interior encoixinada, arn\u00e8s decoratiu ajustable i el\u00e0stics laterals per a un ajustament perfecte. Sola de cuir i cosit <strong>Goodyear<\/strong>. Exclusiu model que nom\u00e9s trobar\u00e0s a les nostres botigues.<\/p>","protected":false},"featured_media":23301,"template":"","meta":[],"product_brand":[152],"product_cat":[21,76,97],"product_tag":[],"giftcard-category":[],"class_list":{"0":"post-23303","1":"product","2":"type-product","3":"status-publish","4":"has-post-thumbnail","6":"product_brand-mayura-boots","7":"product_cat-botas-biker-hombre","8":"product_cat-hombre","9":"product_cat-mayura-boots","10":"pa_color-marron","11":"pa_talla-104","12":"pa_talla-105","13":"pa_talla-106","14":"pa_talla-107","15":"pa_talla-108","16":"pa_talla-109","17":"pa_talla-130","19":"first","20":"instock","21":"shipping-taxable","22":"purchasable","23":"product-type-variable"},"_links":{"self":[{"href":"https:\/\/www.elgatambbotes.com\/ca\/wp-json\/wp\/v2\/product\/23303","targetHints":{"allow":["GET"]}}],"collection":[{"href":"https:\/\/www.elgatambbotes.com\/ca\/wp-json\/wp\/v2\/product"}],"about":[{"href":"https:\/\/www.elgatambbotes.com\/ca\/wp-json\/wp\/v2\/types\/product"}],"wp:featuredmedia":[{"embeddable":true,"href":"https:\/\/www.elgatambbotes.com\/ca\/wp-json\/wp\/v2\/media\/23301"}],"wp:attachment":[{"href":"https:\/\/www.elgatambbotes.com\/ca\/wp-json\/wp\/v2\/media?parent=23303"}],"wp:term":[{"taxonomy":"product_brand","embeddable":true,"href":"https:\/\/www.elgatambbotes.com\/ca\/wp-json\/wp\/v2\/product_brand?post=23303"},{"taxonomy":"product_cat","embeddable":true,"href":"https:\/\/www.elgatambbotes.com\/ca\/wp-json\/wp\/v2\/product_cat?post=23303"},{"taxonomy":"product_tag","embeddable":true,"href":"https:\/\/www.elgatambbotes.com\/ca\/wp-json\/wp\/v2\/product_tag?post=23303"},{"taxonomy":"giftcard-category","embeddable":true,"href":"https:\/\/www.elgatambbotes.com\/ca\/wp-json\/wp\/v2\/giftcard-category?post=23303"}],"curies":[{"name":"wp","href":"https:\/\/api.w.org\/{rel}","templated":true}]}}