{"id":23248,"date":"2025-04-15T12:55:36","date_gmt":"2025-04-15T10:55:36","guid":{"rendered":"https:\/\/www.elgatambbotes.com\/?post_type=product&#038;p=23248"},"modified":"2026-02-13T12:46:04","modified_gmt":"2026-02-13T11:46:04","slug":"sendra-16954-floter-tang-lavado","status":"publish","type":"product","link":"https:\/\/www.elgatambbotes.com\/ca\/producto\/marcas\/sendra-boots\/sendra-16954-floter-tang-lavado\/","title":{"rendered":"Sendra 16954 Floter Tang Lavado"},"content":{"rendered":"","protected":false},"excerpt":{"rendered":"<p><b>Sendra Boots<\/b> mitja canya de dona, de pell bov\u00ed en to marr\u00f3 envellit. Deixa&#039;t seduir per la seva eleg\u00e0ncia r\u00fastica, disseny cl\u00e0ssic i brodats artesanals a peu i canya. Sola de cuir i cosit <strong>Goodyear<\/strong>.<\/p>","protected":false},"featured_media":23250,"template":"","meta":[],"product_brand":[151],"product_cat":[98,25,82],"product_tag":[],"giftcard-category":[],"class_list":{"0":"post-23248","1":"product","2":"type-product","3":"status-publish","4":"has-post-thumbnail","6":"product_brand-sendra-boots","7":"product_cat-sendra-boots","8":"product_cat-mujer","9":"product_cat-botas-cowboy-mujer","10":"pa_color-marron","11":"pa_talla-99","12":"pa_talla-100","13":"pa_talla-101","14":"pa_talla-102","15":"pa_talla-103","16":"pa_talla-104","17":"pa_talla-105","19":"first","20":"instock","21":"shipping-taxable","22":"purchasable","23":"product-type-variable"},"_links":{"self":[{"href":"https:\/\/www.elgatambbotes.com\/ca\/wp-json\/wp\/v2\/product\/23248","targetHints":{"allow":["GET"]}}],"collection":[{"href":"https:\/\/www.elgatambbotes.com\/ca\/wp-json\/wp\/v2\/product"}],"about":[{"href":"https:\/\/www.elgatambbotes.com\/ca\/wp-json\/wp\/v2\/types\/product"}],"wp:featuredmedia":[{"embeddable":true,"href":"https:\/\/www.elgatambbotes.com\/ca\/wp-json\/wp\/v2\/media\/23250"}],"wp:attachment":[{"href":"https:\/\/www.elgatambbotes.com\/ca\/wp-json\/wp\/v2\/media?parent=23248"}],"wp:term":[{"taxonomy":"product_brand","embeddable":true,"href":"https:\/\/www.elgatambbotes.com\/ca\/wp-json\/wp\/v2\/product_brand?post=23248"},{"taxonomy":"product_cat","embeddable":true,"href":"https:\/\/www.elgatambbotes.com\/ca\/wp-json\/wp\/v2\/product_cat?post=23248"},{"taxonomy":"product_tag","embeddable":true,"href":"https:\/\/www.elgatambbotes.com\/ca\/wp-json\/wp\/v2\/product_tag?post=23248"},{"taxonomy":"giftcard-category","embeddable":true,"href":"https:\/\/www.elgatambbotes.com\/ca\/wp-json\/wp\/v2\/giftcard-category?post=23248"}],"curies":[{"name":"wp","href":"https:\/\/api.w.org\/{rel}","templated":true}]}}