{"id":23175,"date":"2025-04-14T12:52:22","date_gmt":"2025-04-14T10:52:22","guid":{"rendered":"https:\/\/www.elgatambbotes.com\/?post_type=product&#038;p=23175"},"modified":"2026-02-13T12:41:33","modified_gmt":"2026-02-13T11:41:33","slug":"sendra-15505-flota-chocolate-marmol","status":"publish","type":"product","link":"https:\/\/www.elgatambbotes.com\/ca\/producto\/mujer\/botines-cowboy-mujer\/sendra-15505-flota-chocolate-marmol\/","title":{"rendered":"Sendra 15505 Flota Chocolate Marmol"},"content":{"rendered":"","protected":false},"excerpt":{"rendered":"<p><b>Sendra Boots <\/b>bot\u00ed de dona, confeccionada en pell bov\u00ed marr\u00f3 xocolata d&#039;alta qualitat, destaca pel seu disseny amb estrelles amb relleu i detalls met\u00e0l\u00b7lics que reflecteixen una ess\u00e8ncia rockera i sofisticada. El tal\u00f3 cub\u00e0 i punta esmolada ofereixen un look modern sense perdre l&#039;ess\u00e8ncia western. Cremallera lateral interior per a m\u00e9s comoditat a l&#039;hora de cal\u00e7ar-se. Sola de cuir i cosit <b>Goodyear.<\/b><\/p>","protected":false},"featured_media":23172,"template":"","meta":[],"product_brand":[151],"product_cat":[83,25,98],"product_tag":[],"giftcard-category":[],"class_list":{"0":"post-23175","1":"product","2":"type-product","3":"status-publish","4":"has-post-thumbnail","6":"product_brand-sendra-boots","7":"product_cat-botines-cowboy-mujer","8":"product_cat-mujer","9":"product_cat-sendra-boots","10":"pa_color-dorado","11":"pa_color-marron","12":"pa_color-negro","13":"pa_talla-99","14":"pa_talla-100","15":"pa_talla-101","16":"pa_talla-102","17":"pa_talla-103","18":"pa_talla-104","19":"pa_talla-105","21":"first","22":"instock","23":"shipping-taxable","24":"purchasable","25":"product-type-variable"},"_links":{"self":[{"href":"https:\/\/www.elgatambbotes.com\/ca\/wp-json\/wp\/v2\/product\/23175","targetHints":{"allow":["GET"]}}],"collection":[{"href":"https:\/\/www.elgatambbotes.com\/ca\/wp-json\/wp\/v2\/product"}],"about":[{"href":"https:\/\/www.elgatambbotes.com\/ca\/wp-json\/wp\/v2\/types\/product"}],"wp:featuredmedia":[{"embeddable":true,"href":"https:\/\/www.elgatambbotes.com\/ca\/wp-json\/wp\/v2\/media\/23172"}],"wp:attachment":[{"href":"https:\/\/www.elgatambbotes.com\/ca\/wp-json\/wp\/v2\/media?parent=23175"}],"wp:term":[{"taxonomy":"product_brand","embeddable":true,"href":"https:\/\/www.elgatambbotes.com\/ca\/wp-json\/wp\/v2\/product_brand?post=23175"},{"taxonomy":"product_cat","embeddable":true,"href":"https:\/\/www.elgatambbotes.com\/ca\/wp-json\/wp\/v2\/product_cat?post=23175"},{"taxonomy":"product_tag","embeddable":true,"href":"https:\/\/www.elgatambbotes.com\/ca\/wp-json\/wp\/v2\/product_tag?post=23175"},{"taxonomy":"giftcard-category","embeddable":true,"href":"https:\/\/www.elgatambbotes.com\/ca\/wp-json\/wp\/v2\/giftcard-category?post=23175"}],"curies":[{"name":"wp","href":"https:\/\/api.w.org\/{rel}","templated":true}]}}