{"id":23145,"date":"2025-04-03T12:13:11","date_gmt":"2025-04-03T10:13:11","guid":{"rendered":"https:\/\/www.elgatambbotes.com\/?post_type=product&#038;p=23145"},"modified":"2026-02-13T12:40:51","modified_gmt":"2026-02-13T11:40:51","slug":"sendra-6791-p-piton-natural-nobuk-delave-blue-ocean","status":"publish","type":"product","link":"https:\/\/www.elgatambbotes.com\/ca\/producto\/hombre\/botas-cowboy-hombre\/sendra-6791-p-piton-natural-nobuk-delave-blue-ocean\/","title":{"rendered":"Sendra 6791-P Piton Natural Nobuk Delave Blue Ocean"},"content":{"rendered":"","protected":false},"excerpt":{"rendered":"<p><strong>Sendra Boots<\/strong> bota alta estil cowboy. Comod\u00edssima pell de serratge blau mar\u00ed amb brodat i detalls en aut\u00e8ntica pell de pit\u00f3. A la canya disseny d&#039;\u00e0liga de pell platejada i detalls d&#039;estrella. Sola de cuir i cosit<strong> Goodyear<\/strong>. Exclusiu model que nom\u00e9s trobar\u00e0s a les nostres botigues.<\/p>","protected":false},"featured_media":23133,"template":"","meta":[],"product_brand":[151],"product_cat":[23,82,76,25,98],"product_tag":[],"giftcard-category":[],"class_list":{"0":"post-23145","1":"product","2":"type-product","3":"status-publish","4":"has-post-thumbnail","6":"product_brand-sendra-boots","7":"product_cat-botas-cowboy-hombre","8":"product_cat-botas-cowboy-mujer","9":"product_cat-hombre","10":"product_cat-mujer","11":"product_cat-sendra-boots","12":"pa_color-azul","13":"pa_color-piton","14":"pa_color-plateado","15":"pa_talla-99","16":"pa_talla-100","17":"pa_talla-101","18":"pa_talla-102","19":"pa_talla-103","20":"pa_talla-104","21":"pa_talla-105","23":"first","24":"instock","25":"shipping-taxable","26":"purchasable","27":"product-type-variable"},"_links":{"self":[{"href":"https:\/\/www.elgatambbotes.com\/ca\/wp-json\/wp\/v2\/product\/23145","targetHints":{"allow":["GET"]}}],"collection":[{"href":"https:\/\/www.elgatambbotes.com\/ca\/wp-json\/wp\/v2\/product"}],"about":[{"href":"https:\/\/www.elgatambbotes.com\/ca\/wp-json\/wp\/v2\/types\/product"}],"wp:featuredmedia":[{"embeddable":true,"href":"https:\/\/www.elgatambbotes.com\/ca\/wp-json\/wp\/v2\/media\/23133"}],"wp:attachment":[{"href":"https:\/\/www.elgatambbotes.com\/ca\/wp-json\/wp\/v2\/media?parent=23145"}],"wp:term":[{"taxonomy":"product_brand","embeddable":true,"href":"https:\/\/www.elgatambbotes.com\/ca\/wp-json\/wp\/v2\/product_brand?post=23145"},{"taxonomy":"product_cat","embeddable":true,"href":"https:\/\/www.elgatambbotes.com\/ca\/wp-json\/wp\/v2\/product_cat?post=23145"},{"taxonomy":"product_tag","embeddable":true,"href":"https:\/\/www.elgatambbotes.com\/ca\/wp-json\/wp\/v2\/product_tag?post=23145"},{"taxonomy":"giftcard-category","embeddable":true,"href":"https:\/\/www.elgatambbotes.com\/ca\/wp-json\/wp\/v2\/giftcard-category?post=23145"}],"curies":[{"name":"wp","href":"https:\/\/api.w.org\/{rel}","templated":true}]}}