{"id":23071,"date":"2025-03-26T13:04:17","date_gmt":"2025-03-26T12:04:17","guid":{"rendered":"https:\/\/www.elgatambbotes.com\/?post_type=product&#038;p=23071"},"modified":"2026-02-13T12:36:31","modified_gmt":"2026-02-13T11:36:31","slug":"sendra-11653-garduna-blanco","status":"publish","type":"product","link":"https:\/\/www.elgatambbotes.com\/ca\/producto\/mujer\/botines-cowboy-mujer\/sendra-11653-garduna-blanco\/","title":{"rendered":"Sendra 11653 Gardu\u00f1a Blanco"},"content":{"rendered":"","protected":false},"excerpt":{"rendered":"<p><b>Sendra Boots <\/b>bot\u00ed de dona, confeccionada en pell bov\u00ed blanca i imitaci\u00f3 de pit\u00f3 al peu. Detall lateral amb<span class=\"Apple-converted-space\">\u00a0 <\/span>reblons i serrells a la mateixa pell de serratge. Cremallera lateral interior per a m\u00e9s comoditat a l&#039;hora de cal\u00e7ar-se. Sola de cuir i cosit <b>Goodyear<\/b>. Exclusiu model que nom\u00e9s trobar\u00e0s a les nostres botigues.<\/p>","protected":false},"featured_media":23057,"template":"","meta":[],"product_brand":[151],"product_cat":[83,98],"product_tag":[],"giftcard-category":[],"class_list":{"0":"post-23071","1":"product","2":"type-product","3":"status-publish","4":"has-post-thumbnail","6":"product_brand-sendra-boots","7":"product_cat-botines-cowboy-mujer","8":"product_cat-sendra-boots","9":"pa_color-blanco","10":"pa_color-piton-imitacion","11":"pa_talla-99","12":"pa_talla-100","13":"pa_talla-101","14":"pa_talla-102","15":"pa_talla-103","16":"pa_talla-104","17":"pa_talla-105","19":"first","20":"instock","21":"shipping-taxable","22":"purchasable","23":"product-type-variable"},"_links":{"self":[{"href":"https:\/\/www.elgatambbotes.com\/ca\/wp-json\/wp\/v2\/product\/23071","targetHints":{"allow":["GET"]}}],"collection":[{"href":"https:\/\/www.elgatambbotes.com\/ca\/wp-json\/wp\/v2\/product"}],"about":[{"href":"https:\/\/www.elgatambbotes.com\/ca\/wp-json\/wp\/v2\/types\/product"}],"wp:featuredmedia":[{"embeddable":true,"href":"https:\/\/www.elgatambbotes.com\/ca\/wp-json\/wp\/v2\/media\/23057"}],"wp:attachment":[{"href":"https:\/\/www.elgatambbotes.com\/ca\/wp-json\/wp\/v2\/media?parent=23071"}],"wp:term":[{"taxonomy":"product_brand","embeddable":true,"href":"https:\/\/www.elgatambbotes.com\/ca\/wp-json\/wp\/v2\/product_brand?post=23071"},{"taxonomy":"product_cat","embeddable":true,"href":"https:\/\/www.elgatambbotes.com\/ca\/wp-json\/wp\/v2\/product_cat?post=23071"},{"taxonomy":"product_tag","embeddable":true,"href":"https:\/\/www.elgatambbotes.com\/ca\/wp-json\/wp\/v2\/product_tag?post=23071"},{"taxonomy":"giftcard-category","embeddable":true,"href":"https:\/\/www.elgatambbotes.com\/ca\/wp-json\/wp\/v2\/giftcard-category?post=23071"}],"curies":[{"name":"wp","href":"https:\/\/api.w.org\/{rel}","templated":true}]}}