{"id":23005,"date":"2025-03-20T11:44:08","date_gmt":"2025-03-20T10:44:08","guid":{"rendered":"https:\/\/www.elgatambbotes.com\/?post_type=product&#038;p=23005"},"modified":"2026-03-20T13:00:58","modified_gmt":"2026-03-20T12:00:58","slug":"mayura-2567-s-m13-palmas-testa-suede-turquesa","status":"publish","type":"product","link":"https:\/\/www.elgatambbotes.com\/ca\/producto\/marcas\/mayura-boots\/mayura-2567-s-m13-palmas-testa-suede-turquesa\/","title":{"rendered":"Mayura 2567-S M13 Palmas Testa Suede Turquesa"},"content":{"rendered":"","protected":false},"excerpt":{"rendered":"<p>Bota <strong>Mayura Boots<\/strong> de dona, confeccionada a m\u00e0 amb una preciosa pell r\u00fastica marr\u00f3 combinada amb turquesa. Model fort i atrevit, amb un interior molt c\u00f2mode que permet portar-les tot el dia. Sola de cuir abrasiu i cosit <strong>Goodyear<\/strong>.<span class=\"Apple-converted-space\">\u00a0<\/span><\/p>","protected":false},"featured_media":23008,"template":"","meta":[],"product_brand":[152],"product_cat":[97,25,82],"product_tag":[],"giftcard-category":[],"class_list":{"0":"post-23005","1":"product","2":"type-product","3":"status-publish","4":"has-post-thumbnail","6":"product_brand-mayura-boots","7":"product_cat-mayura-boots","8":"product_cat-mujer","9":"product_cat-botas-cowboy-mujer","10":"pa_color-marron","11":"pa_color-turquesa","12":"pa_talla-100","13":"pa_talla-101","14":"pa_talla-102","15":"pa_talla-103","16":"pa_talla-104","17":"pa_talla-105","19":"first","20":"instock","21":"shipping-taxable","22":"purchasable","23":"product-type-variable"},"_links":{"self":[{"href":"https:\/\/www.elgatambbotes.com\/ca\/wp-json\/wp\/v2\/product\/23005","targetHints":{"allow":["GET"]}}],"collection":[{"href":"https:\/\/www.elgatambbotes.com\/ca\/wp-json\/wp\/v2\/product"}],"about":[{"href":"https:\/\/www.elgatambbotes.com\/ca\/wp-json\/wp\/v2\/types\/product"}],"wp:featuredmedia":[{"embeddable":true,"href":"https:\/\/www.elgatambbotes.com\/ca\/wp-json\/wp\/v2\/media\/23008"}],"wp:attachment":[{"href":"https:\/\/www.elgatambbotes.com\/ca\/wp-json\/wp\/v2\/media?parent=23005"}],"wp:term":[{"taxonomy":"product_brand","embeddable":true,"href":"https:\/\/www.elgatambbotes.com\/ca\/wp-json\/wp\/v2\/product_brand?post=23005"},{"taxonomy":"product_cat","embeddable":true,"href":"https:\/\/www.elgatambbotes.com\/ca\/wp-json\/wp\/v2\/product_cat?post=23005"},{"taxonomy":"product_tag","embeddable":true,"href":"https:\/\/www.elgatambbotes.com\/ca\/wp-json\/wp\/v2\/product_tag?post=23005"},{"taxonomy":"giftcard-category","embeddable":true,"href":"https:\/\/www.elgatambbotes.com\/ca\/wp-json\/wp\/v2\/giftcard-category?post=23005"}],"curies":[{"name":"wp","href":"https:\/\/api.w.org\/{rel}","templated":true}]}}