{"id":22850,"date":"2025-03-05T13:03:22","date_gmt":"2025-03-05T12:03:22","guid":{"rendered":"https:\/\/www.elgatambbotes.com\/?post_type=product&#038;p=22850"},"modified":"2026-03-20T13:08:46","modified_gmt":"2026-03-20T12:08:46","slug":"mayura-2626-s-eagle-rony-totem-old-manchado","status":"publish","type":"product","link":"https:\/\/www.elgatambbotes.com\/ca\/producto\/mujer\/botas-cowboy-mujer\/mayura-2626-s-eagle-rony-totem-old-manchado\/","title":{"rendered":"Mayura 2626-S Eagle Rony Totem Old Manchado"},"content":{"rendered":"","protected":false},"excerpt":{"rendered":"<p>Bota <strong>Mayura Boots<\/strong> de dona. Cl\u00e0ssica per\u00f2 renovat disseny d&#039;\u00e0liga! Imprescindible a qualsevol armari. Confeccionada en cuir bov\u00ed i terminaci\u00f3 vintage feta a m\u00e0, quedant una combinaci\u00f3 de contrastos marrons \u00fanic. Sola de cuir i cosit <strong>Goodyear<\/strong>.<\/p>","protected":false},"featured_media":22839,"template":"","meta":[],"product_brand":[152],"product_cat":[82,97,25],"product_tag":[],"giftcard-category":[],"class_list":{"0":"post-22850","1":"product","2":"type-product","3":"status-publish","4":"has-post-thumbnail","6":"product_brand-mayura-boots","7":"product_cat-botas-cowboy-mujer","8":"product_cat-mayura-boots","9":"product_cat-mujer","10":"pa_color-marron","11":"pa_talla-100","12":"pa_talla-101","13":"pa_talla-102","14":"pa_talla-103","15":"pa_talla-104","16":"pa_talla-105","17":"pa_talla-106","19":"first","20":"instock","21":"shipping-taxable","22":"purchasable","23":"product-type-variable"},"_links":{"self":[{"href":"https:\/\/www.elgatambbotes.com\/ca\/wp-json\/wp\/v2\/product\/22850","targetHints":{"allow":["GET"]}}],"collection":[{"href":"https:\/\/www.elgatambbotes.com\/ca\/wp-json\/wp\/v2\/product"}],"about":[{"href":"https:\/\/www.elgatambbotes.com\/ca\/wp-json\/wp\/v2\/types\/product"}],"wp:featuredmedia":[{"embeddable":true,"href":"https:\/\/www.elgatambbotes.com\/ca\/wp-json\/wp\/v2\/media\/22839"}],"wp:attachment":[{"href":"https:\/\/www.elgatambbotes.com\/ca\/wp-json\/wp\/v2\/media?parent=22850"}],"wp:term":[{"taxonomy":"product_brand","embeddable":true,"href":"https:\/\/www.elgatambbotes.com\/ca\/wp-json\/wp\/v2\/product_brand?post=22850"},{"taxonomy":"product_cat","embeddable":true,"href":"https:\/\/www.elgatambbotes.com\/ca\/wp-json\/wp\/v2\/product_cat?post=22850"},{"taxonomy":"product_tag","embeddable":true,"href":"https:\/\/www.elgatambbotes.com\/ca\/wp-json\/wp\/v2\/product_tag?post=22850"},{"taxonomy":"giftcard-category","embeddable":true,"href":"https:\/\/www.elgatambbotes.com\/ca\/wp-json\/wp\/v2\/giftcard-category?post=22850"}],"curies":[{"name":"wp","href":"https:\/\/api.w.org\/{rel}","templated":true}]}}