{"id":22799,"date":"2025-03-03T12:17:52","date_gmt":"2025-03-03T11:17:52","guid":{"rendered":"https:\/\/www.elgatambbotes.com\/?post_type=product&#038;p=22799"},"modified":"2026-02-12T13:42:42","modified_gmt":"2026-02-12T12:42:42","slug":"hebilla-legends-and-heroes","status":"publish","type":"product","link":"https:\/\/www.elgatambbotes.com\/ca\/producto\/complementos\/hebillas\/hebilla-legends-and-heroes\/","title":{"rendered":"Sivella Legends And Heroes"},"content":{"rendered":"","protected":false},"excerpt":{"rendered":"<p><strong>Sivella Americana <\/strong>amb un impressionant disseny amb relleu del llegendari grup de bandolers liderat per Jesse i Frank James. Amb detalls colorits i un estil <strong>western aut\u00e8ntic<\/strong>, aquesta pe\u00e7a \u00e9s perfecta per als amants de la hist\u00f2ria del Vell Oest.<\/p>\n<p>Dimensions: 8 x 6,5 cm. Amplada m\u00e0xima del cintur\u00f3 4 cm.<\/p>","protected":false},"featured_media":22735,"template":"","meta":[],"product_brand":[],"product_cat":[22,31],"product_tag":[],"giftcard-category":[],"class_list":{"0":"post-22799","1":"product","2":"type-product","3":"status-publish","4":"has-post-thumbnail","6":"product_cat-complementos","7":"product_cat-hebillas","8":"pa_color-plateado","9":"pa_color-rojo","10":"pa_color-varios","11":"pa_talla-unica","13":"first","14":"instock","15":"shipping-taxable","16":"purchasable","17":"product-type-variable"},"_links":{"self":[{"href":"https:\/\/www.elgatambbotes.com\/ca\/wp-json\/wp\/v2\/product\/22799","targetHints":{"allow":["GET"]}}],"collection":[{"href":"https:\/\/www.elgatambbotes.com\/ca\/wp-json\/wp\/v2\/product"}],"about":[{"href":"https:\/\/www.elgatambbotes.com\/ca\/wp-json\/wp\/v2\/types\/product"}],"wp:featuredmedia":[{"embeddable":true,"href":"https:\/\/www.elgatambbotes.com\/ca\/wp-json\/wp\/v2\/media\/22735"}],"wp:attachment":[{"href":"https:\/\/www.elgatambbotes.com\/ca\/wp-json\/wp\/v2\/media?parent=22799"}],"wp:term":[{"taxonomy":"product_brand","embeddable":true,"href":"https:\/\/www.elgatambbotes.com\/ca\/wp-json\/wp\/v2\/product_brand?post=22799"},{"taxonomy":"product_cat","embeddable":true,"href":"https:\/\/www.elgatambbotes.com\/ca\/wp-json\/wp\/v2\/product_cat?post=22799"},{"taxonomy":"product_tag","embeddable":true,"href":"https:\/\/www.elgatambbotes.com\/ca\/wp-json\/wp\/v2\/product_tag?post=22799"},{"taxonomy":"giftcard-category","embeddable":true,"href":"https:\/\/www.elgatambbotes.com\/ca\/wp-json\/wp\/v2\/giftcard-category?post=22799"}],"curies":[{"name":"wp","href":"https:\/\/api.w.org\/{rel}","templated":true}]}}