{"id":22753,"date":"2025-02-27T11:52:32","date_gmt":"2025-02-27T10:52:32","guid":{"rendered":"https:\/\/www.elgatambbotes.com\/?post_type=product&#038;p=22753"},"modified":"2026-02-12T13:35:43","modified_gmt":"2026-02-12T12:35:43","slug":"hebilla-civil-war","status":"publish","type":"product","link":"https:\/\/www.elgatambbotes.com\/ca\/producto\/complementos\/hebillas\/hebilla-civil-war\/","title":{"rendered":"Sivella Civil War"},"content":{"rendered":"","protected":false},"excerpt":{"rendered":"<p><strong>Elegant sivella Americana<\/strong> western amb una \u00e0guila imperial sostenint un escut americ\u00e0 i la inscripci\u00f3 <em data-start=\"122\" data-end=\"139\">E Pluribus Unum<\/em>. Detalls amb relleu amb acabat envellit i vores en vermell. Un <strong>accessori ic\u00f2nic<\/strong> per als amants de la hist\u00f2ria i lestil cowboy.<\/p>\n<p>Dimensions: 8,5 x 7,5 cm. Amplada m\u00e0xima del cintur\u00f3 4 cm.<\/p>","protected":false},"featured_media":22728,"template":"","meta":[],"product_brand":[],"product_cat":[22,31],"product_tag":[],"giftcard-category":[],"class_list":{"0":"post-22753","1":"product","2":"type-product","3":"status-publish","4":"has-post-thumbnail","6":"product_cat-complementos","7":"product_cat-hebillas","8":"pa_color-plateado","9":"pa_color-rojo","10":"pa_talla-unica","12":"first","13":"instock","14":"shipping-taxable","15":"purchasable","16":"product-type-variable"},"_links":{"self":[{"href":"https:\/\/www.elgatambbotes.com\/ca\/wp-json\/wp\/v2\/product\/22753","targetHints":{"allow":["GET"]}}],"collection":[{"href":"https:\/\/www.elgatambbotes.com\/ca\/wp-json\/wp\/v2\/product"}],"about":[{"href":"https:\/\/www.elgatambbotes.com\/ca\/wp-json\/wp\/v2\/types\/product"}],"wp:featuredmedia":[{"embeddable":true,"href":"https:\/\/www.elgatambbotes.com\/ca\/wp-json\/wp\/v2\/media\/22728"}],"wp:attachment":[{"href":"https:\/\/www.elgatambbotes.com\/ca\/wp-json\/wp\/v2\/media?parent=22753"}],"wp:term":[{"taxonomy":"product_brand","embeddable":true,"href":"https:\/\/www.elgatambbotes.com\/ca\/wp-json\/wp\/v2\/product_brand?post=22753"},{"taxonomy":"product_cat","embeddable":true,"href":"https:\/\/www.elgatambbotes.com\/ca\/wp-json\/wp\/v2\/product_cat?post=22753"},{"taxonomy":"product_tag","embeddable":true,"href":"https:\/\/www.elgatambbotes.com\/ca\/wp-json\/wp\/v2\/product_tag?post=22753"},{"taxonomy":"giftcard-category","embeddable":true,"href":"https:\/\/www.elgatambbotes.com\/ca\/wp-json\/wp\/v2\/giftcard-category?post=22753"}],"curies":[{"name":"wp","href":"https:\/\/api.w.org\/{rel}","templated":true}]}}