{"id":22708,"date":"2025-02-20T11:15:01","date_gmt":"2025-02-20T10:15:01","guid":{"rendered":"https:\/\/www.elgatambbotes.com\/?post_type=product&#038;p=22708"},"modified":"2026-02-12T13:34:55","modified_gmt":"2026-02-12T12:34:55","slug":"david-villellas-lizard-boots-cinturon-marron","status":"publish","type":"product","link":"https:\/\/www.elgatambbotes.com\/ca\/producto\/marcas\/sendra-boots\/david-villellas-lizard-boots-cinturon-marron\/","title":{"rendered":"David Villellas \u201cLizard Boots\u201d \u2013 Cintur\u00f3 marr\u00f3"},"content":{"rendered":"","protected":false},"excerpt":{"rendered":"<p style=\"text-align: justify;\">Model <strong>David Villellas<\/strong> by <strong>Sendra Boots<\/strong>, el complement ideal per als teus looks a joc amb les teves botes. <strong>Fabricat en cuir bov\u00ed de la millor qualitat, <\/strong>4cm d&#039;amplada, cosit a m\u00e0. <strong>Sivella intercanviable<\/strong> mitjan\u00e7ant sistema de botons a pressi\u00f3, detall \u201cLizard\u201d al llarg de tot el cintur\u00f3 ia la punta la <strong>signatura aut\u00e8ntica<\/strong>\u00a0del Core\u00f2graf amb m\u00e9s ress\u00f2 nacional i internacional. Exclusivitat i estil van de la m\u00e0 en aquest cintur\u00f3 que nom\u00e9s trobar\u00e0s a les nostres botigues.<\/p>","protected":false},"featured_media":22705,"template":"","meta":[],"product_brand":[151],"product_cat":[98,87,90,76,25,22,32],"product_tag":[],"giftcard-category":[],"class_list":{"0":"post-22708","1":"product","2":"type-product","3":"status-publish","4":"has-post-thumbnail","6":"product_brand-sendra-boots","7":"product_cat-sendra-boots","8":"product_cat-villellas-collection","9":"product_cat-cinturones-vilellas-collection","10":"product_cat-hombre","11":"product_cat-mujer","12":"product_cat-complementos","13":"product_cat-cinturones-y-carteras","14":"pa_color-marron","15":"pa_talla-121","16":"pa_talla-122","17":"pa_talla-123","18":"pa_talla-167","19":"pa_talla-117","20":"pa_talla-118","21":"pa_talla-119","22":"pa_talla-120","24":"first","25":"instock","26":"shipping-taxable","27":"purchasable","28":"product-type-variable"},"_links":{"self":[{"href":"https:\/\/www.elgatambbotes.com\/ca\/wp-json\/wp\/v2\/product\/22708","targetHints":{"allow":["GET"]}}],"collection":[{"href":"https:\/\/www.elgatambbotes.com\/ca\/wp-json\/wp\/v2\/product"}],"about":[{"href":"https:\/\/www.elgatambbotes.com\/ca\/wp-json\/wp\/v2\/types\/product"}],"wp:featuredmedia":[{"embeddable":true,"href":"https:\/\/www.elgatambbotes.com\/ca\/wp-json\/wp\/v2\/media\/22705"}],"wp:attachment":[{"href":"https:\/\/www.elgatambbotes.com\/ca\/wp-json\/wp\/v2\/media?parent=22708"}],"wp:term":[{"taxonomy":"product_brand","embeddable":true,"href":"https:\/\/www.elgatambbotes.com\/ca\/wp-json\/wp\/v2\/product_brand?post=22708"},{"taxonomy":"product_cat","embeddable":true,"href":"https:\/\/www.elgatambbotes.com\/ca\/wp-json\/wp\/v2\/product_cat?post=22708"},{"taxonomy":"product_tag","embeddable":true,"href":"https:\/\/www.elgatambbotes.com\/ca\/wp-json\/wp\/v2\/product_tag?post=22708"},{"taxonomy":"giftcard-category","embeddable":true,"href":"https:\/\/www.elgatambbotes.com\/ca\/wp-json\/wp\/v2\/giftcard-category?post=22708"}],"curies":[{"name":"wp","href":"https:\/\/api.w.org\/{rel}","templated":true}]}}