{"id":22480,"date":"2024-12-21T12:38:40","date_gmt":"2024-12-21T11:38:40","guid":{"rendered":"https:\/\/www.elgatambbotes.com\/?post_type=product&#038;p=22480"},"modified":"2026-02-12T13:24:20","modified_gmt":"2026-02-12T12:24:20","slug":"mayura-338-vacuno-black","status":"publish","type":"product","link":"https:\/\/www.elgatambbotes.com\/ca\/producto\/complementos\/cinturones-y-carteras\/mayura-338-vacuno-black\/","title":{"rendered":"Mayura 338 Vacuno Black"},"content":{"rendered":"","protected":false},"excerpt":{"rendered":"<p>Cintur\u00f3 ex\u00f2tic <strong>Mayura Boots<\/strong> fet en cuir bov\u00ed color negre de la millor qualitat, 4cm dample, cosit a m\u00e0. Decoraci\u00f3 amb xapons met\u00e0l\u00b7lics i cosits a contrast. Sivella intercanviable mitjan\u00e7ant sistema de botons a pressi\u00f3.<\/p>","protected":false},"featured_media":22536,"template":"","meta":[],"product_brand":[152],"product_cat":[32,22,76,97,25],"product_tag":[],"giftcard-category":[],"class_list":{"0":"post-22480","1":"product","2":"type-product","3":"status-publish","4":"has-post-thumbnail","6":"product_brand-mayura-boots","7":"product_cat-cinturones-y-carteras","8":"product_cat-complementos","9":"product_cat-hombre","10":"product_cat-mayura-boots","11":"product_cat-mujer","12":"pa_color-negro","13":"pa_talla-121","14":"pa_talla-122","15":"pa_talla-123","16":"pa_talla-119","17":"pa_talla-120","19":"first","20":"instock","21":"shipping-taxable","22":"purchasable","23":"product-type-variable"},"_links":{"self":[{"href":"https:\/\/www.elgatambbotes.com\/ca\/wp-json\/wp\/v2\/product\/22480","targetHints":{"allow":["GET"]}}],"collection":[{"href":"https:\/\/www.elgatambbotes.com\/ca\/wp-json\/wp\/v2\/product"}],"about":[{"href":"https:\/\/www.elgatambbotes.com\/ca\/wp-json\/wp\/v2\/types\/product"}],"wp:featuredmedia":[{"embeddable":true,"href":"https:\/\/www.elgatambbotes.com\/ca\/wp-json\/wp\/v2\/media\/22536"}],"wp:attachment":[{"href":"https:\/\/www.elgatambbotes.com\/ca\/wp-json\/wp\/v2\/media?parent=22480"}],"wp:term":[{"taxonomy":"product_brand","embeddable":true,"href":"https:\/\/www.elgatambbotes.com\/ca\/wp-json\/wp\/v2\/product_brand?post=22480"},{"taxonomy":"product_cat","embeddable":true,"href":"https:\/\/www.elgatambbotes.com\/ca\/wp-json\/wp\/v2\/product_cat?post=22480"},{"taxonomy":"product_tag","embeddable":true,"href":"https:\/\/www.elgatambbotes.com\/ca\/wp-json\/wp\/v2\/product_tag?post=22480"},{"taxonomy":"giftcard-category","embeddable":true,"href":"https:\/\/www.elgatambbotes.com\/ca\/wp-json\/wp\/v2\/giftcard-category?post=22480"}],"curies":[{"name":"wp","href":"https:\/\/api.w.org\/{rel}","templated":true}]}}