{"id":22457,"date":"2024-12-20T19:33:47","date_gmt":"2024-12-20T18:33:47","guid":{"rendered":"https:\/\/www.elgatambbotes.com\/?post_type=product&#038;p=22457"},"modified":"2026-03-20T13:07:07","modified_gmt":"2026-03-20T12:07:07","slug":"mayura-boots-1020-pyton-white","status":"publish","type":"product","link":"https:\/\/www.elgatambbotes.com\/ca\/producto\/complementos\/cinturones-y-carteras\/mayura-boots-1020-pyton-white\/","title":{"rendered":"Mayura 1020 Pyton White"},"content":{"rendered":"","protected":false},"excerpt":{"rendered":"<p>Cintur\u00f3 ex\u00f2tic <strong>Mayura Boots<\/strong> fet en aut\u00e8ntica pell de pit\u00f3. Interior amb cuir bov\u00ed de la millor qualitat, 4cm d'amplada, cosit a m\u00e0. Sivella intercanviable mitjan\u00e7ant sistema de botons de pressi\u00f3.<\/p>","protected":false},"featured_media":22527,"template":"","meta":[],"product_brand":[152],"product_cat":[32,22,76,97,25],"product_tag":[],"giftcard-category":[],"class_list":{"0":"post-22457","1":"product","2":"type-product","3":"status-publish","4":"has-post-thumbnail","6":"product_brand-mayura-boots","7":"product_cat-cinturones-y-carteras","8":"product_cat-complementos","9":"product_cat-hombre","10":"product_cat-mayura-boots","11":"product_cat-mujer","12":"pa_color-blanco","13":"pa_color-piton","14":"pa_talla-121","15":"pa_talla-122","16":"pa_talla-123","17":"pa_talla-117","18":"pa_talla-118","19":"pa_talla-119","20":"pa_talla-120","22":"first","23":"instock","24":"shipping-taxable","25":"purchasable","26":"product-type-variable"},"_links":{"self":[{"href":"https:\/\/www.elgatambbotes.com\/ca\/wp-json\/wp\/v2\/product\/22457","targetHints":{"allow":["GET"]}}],"collection":[{"href":"https:\/\/www.elgatambbotes.com\/ca\/wp-json\/wp\/v2\/product"}],"about":[{"href":"https:\/\/www.elgatambbotes.com\/ca\/wp-json\/wp\/v2\/types\/product"}],"wp:featuredmedia":[{"embeddable":true,"href":"https:\/\/www.elgatambbotes.com\/ca\/wp-json\/wp\/v2\/media\/22527"}],"wp:attachment":[{"href":"https:\/\/www.elgatambbotes.com\/ca\/wp-json\/wp\/v2\/media?parent=22457"}],"wp:term":[{"taxonomy":"product_brand","embeddable":true,"href":"https:\/\/www.elgatambbotes.com\/ca\/wp-json\/wp\/v2\/product_brand?post=22457"},{"taxonomy":"product_cat","embeddable":true,"href":"https:\/\/www.elgatambbotes.com\/ca\/wp-json\/wp\/v2\/product_cat?post=22457"},{"taxonomy":"product_tag","embeddable":true,"href":"https:\/\/www.elgatambbotes.com\/ca\/wp-json\/wp\/v2\/product_tag?post=22457"},{"taxonomy":"giftcard-category","embeddable":true,"href":"https:\/\/www.elgatambbotes.com\/ca\/wp-json\/wp\/v2\/giftcard-category?post=22457"}],"curies":[{"name":"wp","href":"https:\/\/api.w.org\/{rel}","templated":true}]}}