{"id":22419,"date":"2024-12-20T17:56:04","date_gmt":"2024-12-20T16:56:04","guid":{"rendered":"https:\/\/www.elgatambbotes.com\/?post_type=product&#038;p=22419"},"modified":"2026-03-20T12:34:33","modified_gmt":"2026-03-20T11:34:33","slug":"sendra-15433-garduna-blanco","status":"publish","type":"product","link":"https:\/\/www.elgatambbotes.com\/ca\/producto\/mujer\/botas-cowboy-mujer\/sendra-15433-garduna-blanco\/","title":{"rendered":"Sendra 15433 Gardu\u00f1a Blanco"},"content":{"rendered":"","protected":false},"excerpt":{"rendered":"<p>Bota mitja canya <strong>Sendra<\/strong> <strong>Boots<\/strong> de dona, de pell bov\u00ed blanca combinada amb imitaci\u00f3 pit\u00f3 al detall de la canya i el peu. Perfectes per emportar amb faldilla o shorts. Model actual i molt c\u00f2mode sense renunciar al teu estil. Sola de cuir i cosit <strong>Goodyear<\/strong>.<\/p>\n<p><em>*Nota: Es recomana escollir una talla menor a l&#039;habitual ja que cal\u00e7a gran*<\/em><\/p>","protected":false},"featured_media":22421,"template":"","meta":[],"product_brand":[151],"product_cat":[82,25,98],"product_tag":[],"giftcard-category":[],"class_list":{"0":"post-22419","1":"product","2":"type-product","3":"status-publish","4":"has-post-thumbnail","6":"product_brand-sendra-boots","7":"product_cat-botas-cowboy-mujer","8":"product_cat-mujer","9":"product_cat-sendra-boots","10":"pa_color-blanco","11":"pa_color-piton","12":"pa_talla-99","13":"pa_talla-100","14":"pa_talla-101","15":"pa_talla-102","16":"pa_talla-103","17":"pa_talla-104","18":"pa_talla-105","20":"first","21":"instock","22":"shipping-taxable","23":"purchasable","24":"product-type-variable"},"_links":{"self":[{"href":"https:\/\/www.elgatambbotes.com\/ca\/wp-json\/wp\/v2\/product\/22419","targetHints":{"allow":["GET"]}}],"collection":[{"href":"https:\/\/www.elgatambbotes.com\/ca\/wp-json\/wp\/v2\/product"}],"about":[{"href":"https:\/\/www.elgatambbotes.com\/ca\/wp-json\/wp\/v2\/types\/product"}],"wp:featuredmedia":[{"embeddable":true,"href":"https:\/\/www.elgatambbotes.com\/ca\/wp-json\/wp\/v2\/media\/22421"}],"wp:attachment":[{"href":"https:\/\/www.elgatambbotes.com\/ca\/wp-json\/wp\/v2\/media?parent=22419"}],"wp:term":[{"taxonomy":"product_brand","embeddable":true,"href":"https:\/\/www.elgatambbotes.com\/ca\/wp-json\/wp\/v2\/product_brand?post=22419"},{"taxonomy":"product_cat","embeddable":true,"href":"https:\/\/www.elgatambbotes.com\/ca\/wp-json\/wp\/v2\/product_cat?post=22419"},{"taxonomy":"product_tag","embeddable":true,"href":"https:\/\/www.elgatambbotes.com\/ca\/wp-json\/wp\/v2\/product_tag?post=22419"},{"taxonomy":"giftcard-category","embeddable":true,"href":"https:\/\/www.elgatambbotes.com\/ca\/wp-json\/wp\/v2\/giftcard-category?post=22419"}],"curies":[{"name":"wp","href":"https:\/\/api.w.org\/{rel}","templated":true}]}}