{"id":22407,"date":"2024-12-20T17:42:02","date_gmt":"2024-12-20T16:42:02","guid":{"rendered":"https:\/\/www.elgatambbotes.com\/?post_type=product&#038;p=22407"},"modified":"2026-02-11T12:49:11","modified_gmt":"2026-02-11T11:49:11","slug":"sendra-15433-raspado-blue","status":"publish","type":"product","link":"https:\/\/www.elgatambbotes.com\/ca\/producto\/mujer\/botas-cowboy-mujer\/sendra-15433-raspado-blue\/","title":{"rendered":"Sendra 15433 Raspado Blue"},"content":{"rendered":"","protected":false},"excerpt":{"rendered":"<p>Bota mitja canya <strong>Sendra Boots<\/strong> de dona, de pell bov\u00ed blau raspat combinada amb imitaci\u00f3 pit\u00f3 al detall de la canya i el peu. El lleuger raspat li d\u00f3na un toc envellit que les fa \u00faniques. Sola de cuir i cosit <strong>Goodyear<\/strong>.<\/p>\n<p><em>*Nota: Es recomana escollir una talla menor a l&#039;habitual ja que cal\u00e7a gran*<\/em><\/p>","protected":false},"featured_media":22416,"template":"","meta":[],"product_brand":[151],"product_cat":[82,25,98],"product_tag":[],"giftcard-category":[],"class_list":{"0":"post-22407","1":"product","2":"type-product","3":"status-publish","4":"has-post-thumbnail","6":"product_brand-sendra-boots","7":"product_cat-botas-cowboy-mujer","8":"product_cat-mujer","9":"product_cat-sendra-boots","10":"pa_color-azul","11":"pa_color-piton","12":"pa_talla-99","13":"pa_talla-100","14":"pa_talla-101","15":"pa_talla-102","16":"pa_talla-103","17":"pa_talla-104","18":"pa_talla-105","20":"first","21":"instock","22":"shipping-taxable","23":"purchasable","24":"product-type-variable"},"_links":{"self":[{"href":"https:\/\/www.elgatambbotes.com\/ca\/wp-json\/wp\/v2\/product\/22407","targetHints":{"allow":["GET"]}}],"collection":[{"href":"https:\/\/www.elgatambbotes.com\/ca\/wp-json\/wp\/v2\/product"}],"about":[{"href":"https:\/\/www.elgatambbotes.com\/ca\/wp-json\/wp\/v2\/types\/product"}],"wp:featuredmedia":[{"embeddable":true,"href":"https:\/\/www.elgatambbotes.com\/ca\/wp-json\/wp\/v2\/media\/22416"}],"wp:attachment":[{"href":"https:\/\/www.elgatambbotes.com\/ca\/wp-json\/wp\/v2\/media?parent=22407"}],"wp:term":[{"taxonomy":"product_brand","embeddable":true,"href":"https:\/\/www.elgatambbotes.com\/ca\/wp-json\/wp\/v2\/product_brand?post=22407"},{"taxonomy":"product_cat","embeddable":true,"href":"https:\/\/www.elgatambbotes.com\/ca\/wp-json\/wp\/v2\/product_cat?post=22407"},{"taxonomy":"product_tag","embeddable":true,"href":"https:\/\/www.elgatambbotes.com\/ca\/wp-json\/wp\/v2\/product_tag?post=22407"},{"taxonomy":"giftcard-category","embeddable":true,"href":"https:\/\/www.elgatambbotes.com\/ca\/wp-json\/wp\/v2\/giftcard-category?post=22407"}],"curies":[{"name":"wp","href":"https:\/\/api.w.org\/{rel}","templated":true}]}}