{"id":22185,"date":"2024-11-14T13:25:50","date_gmt":"2024-11-14T12:25:50","guid":{"rendered":"https:\/\/www.elgatambbotes.com\/?post_type=product&#038;p=22185"},"modified":"2026-03-20T13:02:34","modified_gmt":"2026-03-20T12:02:34","slug":"mayura-24-pull-grass-negro","status":"publish","type":"product","link":"https:\/\/www.elgatambbotes.com\/ca\/producto\/hombre\/botas-biker-hombre\/mayura-24-pull-grass-negro\/","title":{"rendered":"Mayura 24 Pull Grass Negro"},"content":{"rendered":"","protected":false},"excerpt":{"rendered":"<p>Bot\u00ed punta quadrada <strong>Mayura Boots<\/strong> d&#039;home, confeccionada amb pell bov\u00ed greixada de primera qualitat. Plantilla interior encoixinada, arn\u00e8s decoratiu ajustable i el\u00e0stics laterals per a un ajustament perfecte. Sola de cuir i cosit <strong>Goodyear<\/strong>.<span class=\"Apple-converted-space\">\u00a0<\/span><\/p>","protected":false},"featured_media":22183,"template":"","meta":[],"product_brand":[152],"product_cat":[21,76,97],"product_tag":[],"giftcard-category":[],"class_list":{"0":"post-22185","1":"product","2":"type-product","3":"status-publish","4":"has-post-thumbnail","6":"product_brand-mayura-boots","7":"product_cat-botas-biker-hombre","8":"product_cat-hombre","9":"product_cat-mayura-boots","10":"pa_color-negro","11":"pa_talla-103","12":"pa_talla-104","13":"pa_talla-105","14":"pa_talla-106","15":"pa_talla-107","16":"pa_talla-108","17":"pa_talla-109","18":"pa_talla-130","20":"first","21":"instock","22":"shipping-taxable","23":"purchasable","24":"product-type-variable"},"_links":{"self":[{"href":"https:\/\/www.elgatambbotes.com\/ca\/wp-json\/wp\/v2\/product\/22185","targetHints":{"allow":["GET"]}}],"collection":[{"href":"https:\/\/www.elgatambbotes.com\/ca\/wp-json\/wp\/v2\/product"}],"about":[{"href":"https:\/\/www.elgatambbotes.com\/ca\/wp-json\/wp\/v2\/types\/product"}],"wp:featuredmedia":[{"embeddable":true,"href":"https:\/\/www.elgatambbotes.com\/ca\/wp-json\/wp\/v2\/media\/22183"}],"wp:attachment":[{"href":"https:\/\/www.elgatambbotes.com\/ca\/wp-json\/wp\/v2\/media?parent=22185"}],"wp:term":[{"taxonomy":"product_brand","embeddable":true,"href":"https:\/\/www.elgatambbotes.com\/ca\/wp-json\/wp\/v2\/product_brand?post=22185"},{"taxonomy":"product_cat","embeddable":true,"href":"https:\/\/www.elgatambbotes.com\/ca\/wp-json\/wp\/v2\/product_cat?post=22185"},{"taxonomy":"product_tag","embeddable":true,"href":"https:\/\/www.elgatambbotes.com\/ca\/wp-json\/wp\/v2\/product_tag?post=22185"},{"taxonomy":"giftcard-category","embeddable":true,"href":"https:\/\/www.elgatambbotes.com\/ca\/wp-json\/wp\/v2\/giftcard-category?post=22185"}],"curies":[{"name":"wp","href":"https:\/\/api.w.org\/{rel}","templated":true}]}}