{"id":21996,"date":"2024-11-09T11:54:44","date_gmt":"2024-11-09T10:54:44","guid":{"rendered":"https:\/\/www.elgatambbotes.com\/?post_type=product&#038;p=21996"},"modified":"2026-02-11T12:40:15","modified_gmt":"2026-02-11T11:40:15","slug":"sendra-14034p-floter-tang-lavado","status":"publish","type":"product","link":"https:\/\/www.elgatambbotes.com\/ca\/producto\/marcas\/sendra-boots\/sendra-14034p-floter-tang-lavado\/","title":{"rendered":"Sendra 14034P Floter Tang Lavado"},"content":{"rendered":"","protected":false},"excerpt":{"rendered":"<p>Bot\u00ed <strong>Sendra Boots<\/strong> de dona, de pell marr\u00f3 rentada amb detall d&#039;\u00e0liga a la canya en color beix. Detall lateral amb aut\u00e8ntica pell de pit\u00f3 i aplics amb forma d&#039;estrella. Cremallera lateral interior per a m\u00e9s comoditat a l&#039;hora de cal\u00e7ar-se. Sola de cuir i cosit <strong>Goodyear<\/strong>. Exclusiu model que nom\u00e9s trobar\u00e0s a les nostres botigues.<\/p>","protected":false},"featured_media":22006,"template":"","meta":[],"product_brand":[151],"product_cat":[98,25,83],"product_tag":[],"giftcard-category":[],"class_list":{"0":"post-21996","1":"product","2":"type-product","3":"status-publish","4":"has-post-thumbnail","6":"product_brand-sendra-boots","7":"product_cat-sendra-boots","8":"product_cat-mujer","9":"product_cat-botines-cowboy-mujer","10":"pa_color-beige","11":"pa_color-marron","12":"pa_color-piton","13":"pa_talla-99","14":"pa_talla-100","15":"pa_talla-101","16":"pa_talla-102","17":"pa_talla-103","18":"pa_talla-104","19":"pa_talla-105","21":"first","22":"instock","23":"shipping-taxable","24":"purchasable","25":"product-type-variable"},"_links":{"self":[{"href":"https:\/\/www.elgatambbotes.com\/ca\/wp-json\/wp\/v2\/product\/21996","targetHints":{"allow":["GET"]}}],"collection":[{"href":"https:\/\/www.elgatambbotes.com\/ca\/wp-json\/wp\/v2\/product"}],"about":[{"href":"https:\/\/www.elgatambbotes.com\/ca\/wp-json\/wp\/v2\/types\/product"}],"wp:featuredmedia":[{"embeddable":true,"href":"https:\/\/www.elgatambbotes.com\/ca\/wp-json\/wp\/v2\/media\/22006"}],"wp:attachment":[{"href":"https:\/\/www.elgatambbotes.com\/ca\/wp-json\/wp\/v2\/media?parent=21996"}],"wp:term":[{"taxonomy":"product_brand","embeddable":true,"href":"https:\/\/www.elgatambbotes.com\/ca\/wp-json\/wp\/v2\/product_brand?post=21996"},{"taxonomy":"product_cat","embeddable":true,"href":"https:\/\/www.elgatambbotes.com\/ca\/wp-json\/wp\/v2\/product_cat?post=21996"},{"taxonomy":"product_tag","embeddable":true,"href":"https:\/\/www.elgatambbotes.com\/ca\/wp-json\/wp\/v2\/product_tag?post=21996"},{"taxonomy":"giftcard-category","embeddable":true,"href":"https:\/\/www.elgatambbotes.com\/ca\/wp-json\/wp\/v2\/giftcard-category?post=21996"}],"curies":[{"name":"wp","href":"https:\/\/api.w.org\/{rel}","templated":true}]}}