{"id":21948,"date":"2024-11-06T12:15:03","date_gmt":"2024-11-06T11:15:03","guid":{"rendered":"https:\/\/www.elgatambbotes.com\/?post_type=product&#038;p=21948"},"modified":"2026-02-11T12:38:55","modified_gmt":"2026-02-11T11:38:55","slug":"sendra-4660p-garduna-blanco","status":"publish","type":"product","link":"https:\/\/www.elgatambbotes.com\/ca\/producto\/marcas\/sendra-boots\/sendra-4660p-garduna-blanco\/","title":{"rendered":"Sendra 4660P Gardu\u00f1a Blanco"},"content":{"rendered":"","protected":false},"excerpt":{"rendered":"<p>Bot\u00ed <strong>Sendra Boots<\/strong> de dona, confeccionada en comod\u00edssima pell bov\u00ed blanca amb brodat en aut\u00e8ntica pell de pit\u00f3. El\u00e0stic a la canya per a m\u00e9s comoditat a l&#039;hora de cal\u00e7ar-se i ajustament perfecte al turmell. Sola de cuir i cosit <strong>Goodyear<\/strong>. Exclusiu model que nom\u00e9s trobar\u00e0s a les nostres botigues.<\/p>","protected":false},"featured_media":21957,"template":"","meta":[],"product_brand":[151],"product_cat":[98,25,83],"product_tag":[],"giftcard-category":[],"class_list":{"0":"post-21948","1":"product","2":"type-product","3":"status-publish","4":"has-post-thumbnail","6":"product_brand-sendra-boots","7":"product_cat-sendra-boots","8":"product_cat-mujer","9":"product_cat-botines-cowboy-mujer","10":"pa_color-blanco","11":"pa_color-piton","12":"pa_talla-99","13":"pa_talla-100","14":"pa_talla-101","15":"pa_talla-102","16":"pa_talla-103","17":"pa_talla-104","18":"pa_talla-105","19":"pa_talla-106","21":"first","22":"outofstock","23":"shipping-taxable","24":"purchasable","25":"product-type-variable"},"_links":{"self":[{"href":"https:\/\/www.elgatambbotes.com\/ca\/wp-json\/wp\/v2\/product\/21948","targetHints":{"allow":["GET"]}}],"collection":[{"href":"https:\/\/www.elgatambbotes.com\/ca\/wp-json\/wp\/v2\/product"}],"about":[{"href":"https:\/\/www.elgatambbotes.com\/ca\/wp-json\/wp\/v2\/types\/product"}],"wp:featuredmedia":[{"embeddable":true,"href":"https:\/\/www.elgatambbotes.com\/ca\/wp-json\/wp\/v2\/media\/21957"}],"wp:attachment":[{"href":"https:\/\/www.elgatambbotes.com\/ca\/wp-json\/wp\/v2\/media?parent=21948"}],"wp:term":[{"taxonomy":"product_brand","embeddable":true,"href":"https:\/\/www.elgatambbotes.com\/ca\/wp-json\/wp\/v2\/product_brand?post=21948"},{"taxonomy":"product_cat","embeddable":true,"href":"https:\/\/www.elgatambbotes.com\/ca\/wp-json\/wp\/v2\/product_cat?post=21948"},{"taxonomy":"product_tag","embeddable":true,"href":"https:\/\/www.elgatambbotes.com\/ca\/wp-json\/wp\/v2\/product_tag?post=21948"},{"taxonomy":"giftcard-category","embeddable":true,"href":"https:\/\/www.elgatambbotes.com\/ca\/wp-json\/wp\/v2\/giftcard-category?post=21948"}],"curies":[{"name":"wp","href":"https:\/\/api.w.org\/{rel}","templated":true}]}}