{"id":20997,"date":"2024-07-23T09:28:16","date_gmt":"2024-07-23T07:28:16","guid":{"rendered":"https:\/\/www.elgatambbotes.com\/?post_type=product&#038;p=20997"},"modified":"2026-04-13T19:39:24","modified_gmt":"2026-04-13T17:39:24","slug":"david-villellas-lizard-boots-cinturon-gris","status":"publish","type":"product","link":"https:\/\/www.elgatambbotes.com\/ca\/producto\/villellas-collection\/cinturones-vilellas-collection\/david-villellas-lizard-boots-cinturon-gris\/","title":{"rendered":"David Villellas \u201cLizard Boots\u201d \u2013 Cintur\u00f3 gris"},"content":{"rendered":"","protected":false},"excerpt":{"rendered":"<p style=\"text-align: justify;\">Model <strong>David Villellas<\/strong> by <strong>Sendra Boots<\/strong>, el complement ideal per als teus looks a joc amb les teves botes. <strong>Fabricat en cuir bov\u00ed de la millor qualitat, <\/strong>4cm d&#039;amplada, cosit a m\u00e0. <strong>Sivella intercanviable<\/strong> mitjan\u00e7ant sistema de botons a pressi\u00f3, detall \u201cLizard\u201d al llarg de tot el cintur\u00f3 ia la punta la <strong>signatura aut\u00e8ntica<\/strong>\u00a0del Core\u00f2graf amb m\u00e9s ress\u00f2 nacional i internacional. Exclusivitat i estil van de la m\u00e0 en aquest cintur\u00f3 que nom\u00e9s trobar\u00e0s a les nostres botigues.<\/p>","protected":false},"featured_media":21005,"template":"","meta":[],"product_brand":[151],"product_cat":[90,32,22,76,25,98,87],"product_tag":[],"giftcard-category":[],"class_list":{"0":"post-20997","1":"product","2":"type-product","3":"status-publish","4":"has-post-thumbnail","6":"product_brand-sendra-boots","7":"product_cat-cinturones-vilellas-collection","8":"product_cat-cinturones-y-carteras","9":"product_cat-complementos","10":"product_cat-hombre","11":"product_cat-mujer","12":"product_cat-sendra-boots","13":"product_cat-villellas-collection","14":"pa_color-gris","15":"pa_talla-121","16":"pa_talla-122","17":"pa_talla-123","18":"pa_talla-117","19":"pa_talla-118","20":"pa_talla-119","21":"pa_talla-120","23":"first","24":"instock","25":"shipping-taxable","26":"purchasable","27":"product-type-variable"},"_links":{"self":[{"href":"https:\/\/www.elgatambbotes.com\/ca\/wp-json\/wp\/v2\/product\/20997","targetHints":{"allow":["GET"]}}],"collection":[{"href":"https:\/\/www.elgatambbotes.com\/ca\/wp-json\/wp\/v2\/product"}],"about":[{"href":"https:\/\/www.elgatambbotes.com\/ca\/wp-json\/wp\/v2\/types\/product"}],"wp:featuredmedia":[{"embeddable":true,"href":"https:\/\/www.elgatambbotes.com\/ca\/wp-json\/wp\/v2\/media\/21005"}],"wp:attachment":[{"href":"https:\/\/www.elgatambbotes.com\/ca\/wp-json\/wp\/v2\/media?parent=20997"}],"wp:term":[{"taxonomy":"product_brand","embeddable":true,"href":"https:\/\/www.elgatambbotes.com\/ca\/wp-json\/wp\/v2\/product_brand?post=20997"},{"taxonomy":"product_cat","embeddable":true,"href":"https:\/\/www.elgatambbotes.com\/ca\/wp-json\/wp\/v2\/product_cat?post=20997"},{"taxonomy":"product_tag","embeddable":true,"href":"https:\/\/www.elgatambbotes.com\/ca\/wp-json\/wp\/v2\/product_tag?post=20997"},{"taxonomy":"giftcard-category","embeddable":true,"href":"https:\/\/www.elgatambbotes.com\/ca\/wp-json\/wp\/v2\/giftcard-category?post=20997"}],"curies":[{"name":"wp","href":"https:\/\/api.w.org\/{rel}","templated":true}]}}