{"id":20774,"date":"2024-07-20T17:25:56","date_gmt":"2024-07-20T15:25:56","guid":{"rendered":"https:\/\/www.elgatambbotes.com\/?post_type=product&#038;p=20774"},"modified":"2026-04-20T10:51:38","modified_gmt":"2026-04-20T08:51:38","slug":"david-villellas-lizard-boots-rojo","status":"publish","type":"product","link":"https:\/\/www.elgatambbotes.com\/ca\/producto\/villellas-collection\/botas\/david-villellas-lizard-boots-rojo\/","title":{"rendered":"David Villellas \u201cLizard Boots\u201d \u2013 Vermell"},"content":{"rendered":"","protected":false},"excerpt":{"rendered":"<p style=\"text-align: justify;\">Model <strong>David Villellas<\/strong> by <strong>Sendra Boots<\/strong>, la m\u00e9s popular entre el m\u00f3n de la dansa Country. <strong>Fabricada amb cuir bov\u00ed de la millor qualitat,<\/strong> tal\u00f3 cub\u00e0, sola de cuir, cosit <strong>Goodyear<\/strong>, detall \u201cLizard\u201d a la punta i la signatura aut\u00e8ntica del core\u00f2graf amb m\u00e9s ress\u00f2 nacional i internacional. Comoditat i estil van de la m\u00e0 en aquest exclusiu model que nom\u00e9s trobar\u00e0s a les nostres botigues.<\/p>","protected":false},"featured_media":20788,"template":"","meta":[],"product_brand":[151],"product_cat":[88,23,82,76,25,98,87],"product_tag":[],"giftcard-category":[],"class_list":{"0":"post-20774","1":"product","2":"type-product","3":"status-publish","4":"has-post-thumbnail","6":"product_brand-sendra-boots","7":"product_cat-botas","8":"product_cat-botas-cowboy-hombre","9":"product_cat-botas-cowboy-mujer","10":"product_cat-hombre","11":"product_cat-mujer","12":"product_cat-sendra-boots","13":"product_cat-villellas-collection","14":"pa_color-rojo","15":"pa_talla-99","16":"pa_talla-100","17":"pa_talla-101","18":"pa_talla-102","19":"pa_talla-103","20":"pa_talla-104","21":"pa_talla-105","22":"pa_talla-106","23":"pa_talla-107","24":"pa_talla-108","25":"pa_talla-109","27":"first","28":"instock","29":"shipping-taxable","30":"purchasable","31":"product-type-variable"},"_links":{"self":[{"href":"https:\/\/www.elgatambbotes.com\/ca\/wp-json\/wp\/v2\/product\/20774","targetHints":{"allow":["GET"]}}],"collection":[{"href":"https:\/\/www.elgatambbotes.com\/ca\/wp-json\/wp\/v2\/product"}],"about":[{"href":"https:\/\/www.elgatambbotes.com\/ca\/wp-json\/wp\/v2\/types\/product"}],"wp:featuredmedia":[{"embeddable":true,"href":"https:\/\/www.elgatambbotes.com\/ca\/wp-json\/wp\/v2\/media\/20788"}],"wp:attachment":[{"href":"https:\/\/www.elgatambbotes.com\/ca\/wp-json\/wp\/v2\/media?parent=20774"}],"wp:term":[{"taxonomy":"product_brand","embeddable":true,"href":"https:\/\/www.elgatambbotes.com\/ca\/wp-json\/wp\/v2\/product_brand?post=20774"},{"taxonomy":"product_cat","embeddable":true,"href":"https:\/\/www.elgatambbotes.com\/ca\/wp-json\/wp\/v2\/product_cat?post=20774"},{"taxonomy":"product_tag","embeddable":true,"href":"https:\/\/www.elgatambbotes.com\/ca\/wp-json\/wp\/v2\/product_tag?post=20774"},{"taxonomy":"giftcard-category","embeddable":true,"href":"https:\/\/www.elgatambbotes.com\/ca\/wp-json\/wp\/v2\/giftcard-category?post=20774"}],"curies":[{"name":"wp","href":"https:\/\/api.w.org\/{rel}","templated":true}]}}