{"id":20583,"date":"2024-07-17T17:39:47","date_gmt":"2024-07-17T15:39:47","guid":{"rendered":"https:\/\/www.elgatambbotes.com\/?page_id=20583"},"modified":"2025-02-25T13:38:01","modified_gmt":"2025-02-25T12:38:01","slug":"politica-de-envios","status":"publish","type":"page","link":"https:\/\/www.elgatambbotes.com\/ca\/politica-de-envios\/","title":{"rendered":"Pol\u00edtica d&#039;enviaments"},"content":{"rendered":"<div data-elementor-type=\"wp-page\" data-elementor-id=\"20583\" class=\"elementor elementor-20583\" data-elementor-post-type=\"page\">\n\t\t\t\t<div class=\"elementor-element elementor-element-770e4118 e-con-full e-flex e-con e-parent\" data-id=\"770e4118\" data-element_type=\"container\" data-e-type=\"container\">\n\t\t\t\t<div class=\"elementor-element elementor-element-5726869 elementor-widget elementor-widget-heading\" data-id=\"5726869\" data-element_type=\"widget\" data-e-type=\"widget\" data-widget_type=\"heading.default\">\n\t\t\t\t<div class=\"elementor-widget-container\">\n\t\t\t\t\t<h2 class=\"elementor-heading-title elementor-size-default\">Informaci\u00f3 sobre enviaments<\/h2>\t\t\t\t<\/div>\n\t\t\t\t<\/div>\n\t\t\t\t<div class=\"elementor-element elementor-element-4f9783fb elementor-widget elementor-widget-text-editor\" data-id=\"4f9783fb\" data-element_type=\"widget\" data-e-type=\"widget\" data-widget_type=\"text-editor.default\">\n\t\t\t\t<div class=\"elementor-widget-container\">\n\t\t\t\t\t\t\t\t\t<h3>On puc rebre la meva comanda?<\/h3><p>Pots rebre la teva comanda a l&#039;adre\u00e7a que indiquis, el teu domicili, feina, etc.<\/p><h3>El pa\u00eds de lliurament pot ser diferent del de compra?<\/h3><p>El pa\u00eds de lliurament sempre ha de coincidir amb el pa\u00eds de compra.<\/p><h3>Quant trigar\u00e0 a arribar la meva comanda?<\/h3><p style=\"text-align: justify;\">Els terminis de lliurament principalment depenen dels establerts pels operadors de transport. Aquests es computen per dies laborables \u2013de dilluns a divendres\u2013 ja que no es realitzen expedicions en festius, dissabtes ni diumenges. Consulta els terminis de lliurament, encara que poden ser orientatius. Tamb\u00e9 es pot donar el cas que estiguem assistint a un esdeveniment, aix\u00ed que s&#039;avisar\u00e0 al client, a la pr\u00f2pia shop online, dels dies que estarem fora i del dia en qu\u00e8 es reprendr\u00e0 el proc\u00e9s de comandes. En cas que hi hagi trencament d&#039;estoc o indisponibilitat temporal d&#039;algun producte ens posarem en contacte amb tu per comunicar-t&#039;ho i donar-te un nou termini de lliurament. En cas contrari <strong>EL GAT AMB POTS SCP<\/strong> es reserva el dret de tramitar una anul\u00b7laci\u00f3 i reemborsament corresponent. En qualsevol cas, un retard en el lliurament respecte als terminis indicats o la cancel\u00b7laci\u00f3 per falta d&#039;estoc no donar\u00e0 dret al client a exigir cap indemnitzaci\u00f3.<\/p><h3><strong>Qui lliurar\u00e0 la meva comanda?<\/strong><\/h3><p>L&#039;empresa de missatgeria <strong>GLS<\/strong>. Rebr\u00e0s correus amb la informaci\u00f3 de seguiment de l&#039;enviament.<\/p><h3>Quant he de pagar despeses d&#039;enviament?<\/h3><p style=\"text-align: justify;\">Consulta les tarifes d&#039;enviament a la cistella de la compra.<br \/>La tarifa d&#039;enviament es calcula segons el pes i el volum de l&#039;article.<br \/>La tarifa d&#039;enviament no inclou els impostos d&#039;importaci\u00f3. El client ser\u00e0 responsable dels drets d&#039;importaci\u00f3 i d&#039;altres c\u00e0rrecs de duana. Haur\u00e0s de pagar l&#039;impost d&#039;importaci\u00f3 si la duana els cobra.<\/p><h3>Quant he de pagar de despeses d&#039;enviament si el meu pa\u00eds no est\u00e0 entre les especificades?<\/h3><p style=\"text-align: justify;\">La distribuci\u00f3 de les comandes nom\u00e9s es far\u00e0 als pa\u00efsos indicats a l&#039;apartat de Tarifes i Temps de Tr\u00e0nsit. Tot i aix\u00f2, si el teu pa\u00eds no est\u00e0 entre els indicats ens pots contactar a: <a href=\"mailto:info@elgatambbotes.com\"><strong>info@elgatambbotes.com<\/strong><\/a> i buscarem la millor opci\u00f3.<\/p><h3>Puc seguir l&#039;estat de la meva comanda?<\/h3><p style=\"text-align: justify;\">S\u00ed, a trav\u00e9s de \u201cEl meu compte\u201d a \u201cComandes realitzades\u201c podr\u00e0s veure l&#039;estat de la teva comanda.<\/p><p>Tamb\u00e9 podr\u00e0s fer el seguiment a trav\u00e9s de la p\u00e0gina oficial de la missatgeria.<\/p><h3>Com \u00e9s el m\u00e8tode de lliurament?<\/h3><p style=\"text-align: justify;\">Recorda que per optimitzar el lliurament del teu paquet \u00e9s molt important que ens proporcionis les teves dades amb exactitud, especialment les dades postals per localitzar el teu domicili o lloc de lliurament.<\/p><p style=\"text-align: justify;\">Recorda que qualsevol incid\u00e8ncia detectada a la recepci\u00f3 de la mercaderia s&#039;ha d&#039;indicar clarament a l&#039;albar\u00e0 del transportista. Si no hi ha cap indicaci\u00f3 sobre aquest tipus dincid\u00e8ncia en aquest albar\u00e0, sent\u00e9n que el lliurament sha efectuat correctament i per tant <strong>EL GAT AMB POTS SCP<\/strong> no assumir\u00e0 cap responsabilitat sobre la mercaderia danyada o bonys faltants.<\/p><p style=\"text-align: justify;\">Aix\u00ed mateix, et recordem que, d&#039;acord amb l&#039;article 366 del Codi de comer\u00e7, no s&#039;admetran reclamacions sobre trencaments, cops o manca d&#039;embalums transcorregudes 24 hores a partir del lliurament de mercaderia, per tant no es podr\u00e0 cursar cap reclamaci\u00f3 fora d&#039;aquest termini.<\/p>\t\t\t\t\t\t\t\t<\/div>\n\t\t\t\t<\/div>\n\t\t\t\t<\/div>\n\t\t<div class=\"elementor-element elementor-element-228472c e-con-full e-flex e-con e-parent\" data-id=\"228472c\" data-element_type=\"container\" data-e-type=\"container\">\n\t\t\t\t<div class=\"elementor-element elementor-element-ef5787c elementor-widget elementor-widget-heading\" data-id=\"ef5787c\" data-element_type=\"widget\" data-e-type=\"widget\" data-widget_type=\"heading.default\">\n\t\t\t\t<div class=\"elementor-widget-container\">\n\t\t\t\t\t<h2 class=\"elementor-heading-title elementor-size-default\">Tarifes d&#039;enviament <em>(IVA incl\u00f2s)<\/em> i Temps de tr\u00e0nsit<\/h2>\t\t\t\t<\/div>\n\t\t\t\t<\/div>\n\t\t\t\t<div class=\"elementor-element elementor-element-a114214 elementor-widget elementor-widget-text-editor\" data-id=\"a114214\" data-element_type=\"widget\" data-e-type=\"widget\" data-widget_type=\"text-editor.default\">\n\t\t\t\t<div class=\"elementor-widget-container\">\n\t\t\t\t\t\t\t\t\t<p><strong>Espanya (<em>Prov\u00edncia Girona<\/em>)<br \/><\/strong>Fins a 15Kg \u2013 <strong>7,00\u20ac<\/strong> | Lliurament entre <strong>24h \u2013 48h<\/strong><\/p><p><strong>Espanya (<em>Catalunya<\/em>)<\/strong><br \/>Fins a 15Kg \u2013 <strong>8,00\u20ac<\/strong> | Lliurament entre <strong>24h \u2013 48h<\/strong><\/p><p><strong>Espanya (<em>Resta d\u00b4Espanya<\/em>)<\/strong><br \/>Fins a 15Kg \u2013 <strong>9,00\u20ac<\/strong>  | Lliurament entre <strong>24h \u2013 48h<\/strong><\/p><p><strong>Balears<\/strong><br \/>Fins a 15Kg \u2013 <strong>25,00\u20ac<\/strong>  | Lliurament entre <strong>24h \u2013 48h<\/strong><\/p><p><strong>Portugal (Pen\u00ednsula)<\/strong><br \/>Fins a 15Kg \u2013 <strong>15,00\u20ac<\/strong>  | Lliurament entre <strong>24h \u2013 48h<\/strong><\/p><p><strong>Portugal (Madeira i A\u00e7ores)<\/strong><br \/>Fins a 15Kg \u2013 <strong>39,00\u20ac<\/strong>  | Lliurament entre <strong>24h \u2013 48h<\/strong><\/p><p><strong>Europa Zona A: <\/strong>Alemanya (DE), \u00c0ustria (AT), B\u00e8lgica (BE), Eslov\u00e0quia (SK), Luxemburg (LU), Pa\u00efsos Baixos (NL), Pol\u00f2nia (PL)<br \/>Fins a 15Kg \u2013 <strong>18,00\u20ac<\/strong> | Lliurament entre <strong>2 \u2013 4 dies laborables<\/strong><\/p><p><strong>Europa Zona B: <\/strong>Fran\u00e7a (FR), It\u00e0lia (IT)<br \/>Fins a 15Kg \u2013 <strong>18,00\u20ac <\/strong>| Lliurament entre <strong>1 \u2013 3 dies laborables<\/strong><\/p><p><strong>Europa Zona C: <\/strong>Cro\u00e0cia (HR), Dinamarca (DK), Eslov\u00e8nia (SI), Hongria (HU), Rep\u00fablica Txeca (CZ)<br \/>Fins a 15Kg \u2013 <strong>18,00\u20ac<\/strong> | Lliurament entre <strong>2 \u2013 4 dies laborables<\/strong><\/p><p><strong>Europa Zona D: <\/strong>Liechtenstein (LI), Regne Unit -GB- (Gal\u00b7les, Esc\u00f2cia, Irlanda del Nord, Illes del Canal, Illes del Man), Su\u00efssa (CH) S\u00e8rbia (RS), Vatic\u00e0 (VA)<br \/>Fins a 15Kg \u2013 <strong>25,00\u20ac<\/strong> | Lliurament entre <strong>2 \u2013 5 dies laborables<\/strong><\/p><p><strong>Europa Zona E: <\/strong>Bulg\u00e0ria (BG), Est\u00f2nia (EE), Gr\u00e8cia (GR), Irlanda (IE), Let\u00f2nia (LT), Litu\u00e0nia (LV), M\u00f2naco (MC), Romania (RO), Sant Mar\u00ed (SM)<br \/>Fins a 15Kg \u2013 <strong>30,00\u20ac<\/strong> | Lliurament entre <strong>1 \u2013 8 dies laborables<\/strong><\/p><p><strong>Europa Zona F: <\/strong>Finl\u00e0ndia (FI), Noruega (NO), Su\u00e8cia (SE)<br \/>Fins a 15Kg \u2013 <strong>39,00\u20ac<\/strong> | Lliurament entre <strong>4 \u2013 7 dies laborables<\/strong><\/p><p><strong>Europa Zona G: <\/strong>Xipre (CY), Malta (MT), Turquia (TR)<br \/>Fins a 15Kg \u2013 <strong>39,00\u20ac<\/strong> | Lliurament entre <strong>4 \u2013 6 dies laborables<\/strong><\/p><p><strong>EUA<\/strong><br \/>Fins a 3Kg \u2013 <strong>70,00\u20ac<\/strong> | Lliurament entre <strong>10 \u2013 15 dies laborables<\/strong><\/p>\t\t\t\t\t\t\t\t<\/div>\n\t\t\t\t<\/div>\n\t\t\t\t<\/div>\n\t\t\t\t<\/div>","protected":false},"excerpt":{"rendered":"<p>Informaci\u00f3n sobre env\u00edos \u00bfD\u00f3nde puedo recibir mi pedido? Puedes recibir tu pedido en la direcci\u00f3n que indiques, tu domicilio, trabajo, etc. \u00bfEl pa\u00eds de entrega puede ser diferente al de compra? El pa\u00eds de entrega siempre tiene que coincidir con el pa\u00eds de compra. \u00bfCu\u00e1nto tardar\u00e1 en llegar mi pedido? Los plazos de entrega principalmente<br \/><a class=\"moretag\" href=\"https:\/\/www.elgatambbotes.com\/ca\/politica-de-envios\/\">+ Read More<\/a><\/p>","protected":false},"author":3,"featured_media":0,"parent":0,"menu_order":0,"comment_status":"closed","ping_status":"closed","template":"templates\/page-fullwidth_template.php","meta":{"footnotes":""},"class_list":["post-20583","page","type-page","status-publish","hentry"],"_links":{"self":[{"href":"https:\/\/www.elgatambbotes.com\/ca\/wp-json\/wp\/v2\/pages\/20583","targetHints":{"allow":["GET"]}}],"collection":[{"href":"https:\/\/www.elgatambbotes.com\/ca\/wp-json\/wp\/v2\/pages"}],"about":[{"href":"https:\/\/www.elgatambbotes.com\/ca\/wp-json\/wp\/v2\/types\/page"}],"author":[{"embeddable":true,"href":"https:\/\/www.elgatambbotes.com\/ca\/wp-json\/wp\/v2\/users\/3"}],"replies":[{"embeddable":true,"href":"https:\/\/www.elgatambbotes.com\/ca\/wp-json\/wp\/v2\/comments?post=20583"}],"version-history":[{"count":0,"href":"https:\/\/www.elgatambbotes.com\/ca\/wp-json\/wp\/v2\/pages\/20583\/revisions"}],"wp:attachment":[{"href":"https:\/\/www.elgatambbotes.com\/ca\/wp-json\/wp\/v2\/media?parent=20583"}],"curies":[{"name":"wp","href":"https:\/\/api.w.org\/{rel}","templated":true}]}}