{"id":20547,"date":"2024-07-09T22:16:12","date_gmt":"2024-07-09T20:16:12","guid":{"rendered":"https:\/\/www.elgatambbotes.com\/?page_id=20547"},"modified":"2024-08-17T18:12:54","modified_gmt":"2024-08-17T16:12:54","slug":"terminos-y-condiciones","status":"publish","type":"page","link":"https:\/\/www.elgatambbotes.com\/ca\/terminos-y-condiciones\/","title":{"rendered":"Termes i condicions"},"content":{"rendered":"<h2 style=\"text-align: center;\">CONDICIONS GENERALS DE CONTRACTACI\u00d3<\/h2>\n<ol>\n<li><a href=\"https:\/\/www.elgatambbotes.com\/ca\/terminos-y-condiciones\/#introduccion\">Introducci\u00f3<\/a><\/li>\n<li><a href=\"https:\/\/www.elgatambbotes.com\/ca\/terminos-y-condiciones\/#hacer-un-pedido\">Fer una comanda<\/a><\/li>\n<li><a href=\"https:\/\/www.elgatambbotes.com\/ca\/terminos-y-condiciones\/#informacion-sobre-los-productos\">Informaci\u00f3 sobre els productes<\/a><\/li>\n<li><a href=\"https:\/\/www.elgatambbotes.com\/ca\/terminos-y-condiciones\/#precios\">Preus<\/a><\/li>\n<li><a href=\"https:\/\/www.elgatambbotes.com\/ca\/terminos-y-condiciones\/#pago-protegido\">Pagament protegit<\/a><\/li>\n<li><a href=\"https:\/\/www.elgatambbotes.com\/ca\/terminos-y-condiciones\/#disponibilidad\">Disponibilitat dels productes<\/a><\/li>\n<li><a href=\"https:\/\/www.elgatambbotes.com\/ca\/terminos-y-condiciones\/#entrega\">Lliurament<\/a><\/li>\n<li><a href=\"https:\/\/www.elgatambbotes.com\/ca\/terminos-y-condiciones\/#derecho-desistimiento\">Dret de desistiment<\/a><\/li>\n<li><a href=\"https:\/\/www.elgatambbotes.com\/ca\/terminos-y-condiciones\/#clausula-salvaguarda\">Cl\u00e0usula de salvaguarda<\/a><\/li>\n<li><a href=\"https:\/\/www.elgatambbotes.com\/ca\/terminos-y-condiciones\/#resolucion-controversias\">Resoluci\u00f3 de controv\u00e8rsies<\/a><\/li>\n<\/ol>\n<h3 id=\"introduccion\">1. Introducci\u00f3<\/h3>\n<p style=\"text-align: justify;\">Les condicions generals de contractaci\u00f3 descrites a continuaci\u00f3 (d&#039;ara endavant \u201cCondicions Generals\u201d), regeixen exclusivament les relacions contractuals entre tot usuari de la p\u00e0gina web <strong>https:\/\/www.elgatambbotes.com\/<\/strong> i el venedor, que \u00e9s la societat \u00a0<strong>EL GAT AMB POTS SCP<\/strong>, amb NIF J72918386 i domicili social a Castell-Platja d&#039;Aro (Girona) 17250 Avinguda S&#039;Agar\u00f3, 89 Local.12 Edifici Round Store i amb n\u00famero de tel\u00e8fon <strong>+34 972 817 726<\/strong> i correu electr\u00f2nic <a href=\"mailto:info@elgatambbotes.com\"><strong>info@elgatambbotes.com<\/strong><\/a><strong>.<\/strong><\/p>\n<p style=\"text-align: justify;\">El procediment de contractaci\u00f3 del servei es duu a terme de forma completament electr\u00f2nica a trav\u00e9s del lloc web <strong>https:\/\/www.elgatambbotes.com\/<\/strong> tenint la mateixa validesa que la signatura presencials del mateix.<\/p>\n<p style=\"text-align: justify;\">Aquestes condicions generals de venda que a continuaci\u00f3 es detallen s\u00f3n les \u00faniques aplicables i reemplacen qualsevol altra condici\u00f3 o pacte previ, llevat que les parts acordin forma expressa i per escrit un altre tipus de pacte i aquest anul\u00b7li o modifiqui les presents condicions generals de contractaci\u00f3.<\/p>\n<p style=\"text-align: justify;\">El llenguatge utilitzat en tot el procediment de contractaci\u00f3 ser\u00e0 el castell\u00e0 i ser\u00e0 la llengua que regeixi les relacions entre les parts, la mostra dinformaci\u00f3 en qualsevol altre idioma es considerar\u00e0 condicionada a la primera, en cas de discrep\u00e0ncia primar\u00e0 la versi\u00f3 en castell\u00e0 sobre qualsevol una altra traducci\u00f3 o adaptaci\u00f3.<\/p>\n<p style=\"text-align: justify;\"><strong>EL GAT AMB POTS SCP<\/strong> pot ocasionalment modificar les estipulacions contingudes en les presents condicions generals, per la qual cosa \u00e9s aconsellable que aquestes siguin llegides a cada visita a la p\u00e0gina <strong>https:\/\/www.elgatambbotes.com\/<\/strong>. Aquestes modificacions tindran efectes a partir de la publicaci\u00f3 de les mateixes i no tindran efectes retroactius i no seran aplicables a compres realitzades amb anterioritat \u2013sempre es podran consultar les versions anteriors a trav\u00e9s dels enlla\u00e7os que es continguin a la plataforma i seran imprimibles i\/o descarregables a trav\u00e9s del bot\u00f3 establert a aquest efecte-.<\/p>\n<p style=\"text-align: justify;\">Cada compra a la p\u00e0gina web es regeix per les condicions generals aplicables a la data de la comanda. Considerem que un cop hagis fet una comanda, haur\u00e0s acceptat sense reserves les nostres condicions generals de venda despr\u00e9s d&#039;haver-les llegit.<\/p>\n<p style=\"text-align: justify;\">Accedint a la web, et compromets a respectar les condicions generals aix\u00ed com les condicions d&#039;utilitzaci\u00f3 que hi figuren.<\/p>\n<h3 id=\"hacer-un-pedido\">2. Fer una comanda<\/h3>\n<p style=\"text-align: justify;\">A trav\u00e9s de la web: <strong>https:\/\/www.elgatambbotes.com\/<\/strong> (24 hores al dia, cada dia). Nom\u00e9s has d&#039;entrar a la secci\u00f3 de la botiga en l\u00ednia que t&#039;interessa, visualitzar l&#039;article que vols i afegir-lo a la cistella de la compra. Repeteix aquest proc\u00e9s tantes vegades com articles vulguis comprar. Al final del proc\u00e9s de compra veureu les opcions de pagament. Trieu la que m\u00e9s us convingui i confirma la vostra subscripci\u00f3. Quan confirmis el pagament rebr\u00e0s c\u00f2pia de les Condicions Generals de Contractaci\u00f3 al compte de correu electr\u00f2nic que ens hagis facilitat.<\/p>\n<p style=\"text-align: justify;\">El nostre horari d&#039;atenci\u00f3 al client \u00e9s de dilluns a divendres, de 10.30 a 13.30 i de 17.00 a 20.00 hores. En endavant, quan parlem de terminis en dies laborables, aquests es compten de dilluns a divendres.<\/p>\n<p style=\"text-align: justify;\">Un cop realitzada la comanda la rebreu al domicili indicat en el termini m\u00e9s breu possible llevat que ho realitze en festiu o cap de setmana en aquest cas el termini indicat comen\u00e7ar\u00e0 a comptar des del primer dia laborable.<\/p>\n<h3 id=\"informacion-sobre-los-productos\">3. Informaci\u00f3 sobre els productes<\/h3>\n<p style=\"text-align: justify;\">Per facilitar-te la contractaci\u00f3, prestem gran atenci\u00f3 a la informaci\u00f3 relativa a les caracter\u00edstiques dels serveis mitjan\u00e7ant descripcions, fotografies i v\u00eddeos que il\u00b7lustren els nostres productes.<\/p>\n<h3 id=\"precios\">4. Preus<\/h3>\n<p style=\"text-align: justify;\">Els preus es mostren en euros (IVA incl\u00f2s).<\/p>\n<p style=\"text-align: justify;\">Les despeses de transport no estan incloses. Podeu veure&#039;n l&#039;import a l&#039;apartat \u201cPol\u00edtica d&#039;enviament\u201d.<\/p>\n<p style=\"text-align: justify;\">Ens reservem el dret de modificar els nostres preus a qualsevol moment. Tot i aix\u00f2, ens comprometem a aplicar les tarifes en vigor indicades a la web en el moment de la realitzaci\u00f3 de la comanda.<\/p>\n<h3 id=\"pago-protegido\">5. Pagament protegit<\/h3>\n<p>Posem a la teva disposici\u00f3 les seg\u00fcents modalitats de pagament:<\/p>\n<ul>\n<li>Amb targeta de cr\u00e8dit o d\u00e8bit: Visa, Visa Electron i Mastercard.<\/li>\n<li>Mitjan\u00e7ant transfer\u00e8ncia banc\u00e0ria.<\/li>\n<\/ul>\n<p style=\"text-align: justify;\">El pagament es carregar\u00e0 en el moment de la confirmaci\u00f3 de la comanda, sempre que hagi obtingut lautoritzaci\u00f3 pr\u00e8via del teu banc o caixa. Si el pagament no ha estat autoritzat, la teva comanda no es podr\u00e0 tenir en compte.<\/p>\n<h3 id=\"disponibilidad\">6. Disponibilitat de productes<\/h3>\n<p style=\"text-align: justify;\"><strong>EL GAT AMB POTS SCP<\/strong> retirar\u00e0 immediatament de la p\u00e0gina web, els productes que no estiguin disponibles. Tot i aix\u00f2, en cas de la no retirada dels productes en el moment prec\u00eds, despr\u00e9s d&#039;haver-se gravat la comanda, ens comprometem a informar-lo en un termini de 15 dies indicant al client el nou termini en qu\u00e8 rebr\u00e0 la comanda. En aquest cas, el client tindr\u00e0 l&#039;opci\u00f3 de cancel\u00b7lar la comanda reemborsant-li l&#039;import abonat mitjan\u00e7ant la mateixa forma de pagament utilitzada en el pagament de la comanda. O b\u00e9, el client podr\u00e0 sol\u00b7licitar el canvi de la comanda mitjan\u00e7ant trucada telef\u00f2nica o per email.<\/p>\n<h3 id=\"entrega\"><strong>7. Lliurament<\/strong><\/h3>\n<p style=\"text-align: justify;\"><strong>EL GAT AMB POTS SCP<\/strong> es compromet a lliurar el producte en perfecte estat a l&#039;adre\u00e7a que el client assenyali al formulari de comanda. <strong>EL GAT AMB POTS SCP<\/strong> no ser\u00e0 responsable pels errors causats al lliurament quan l&#039;adre\u00e7a de lliurament introdu\u00efda pel client al formulari de comanda no s&#039;ajusti a la realitat o hagin estat omesos. Al client li correspon amb exactitud totes les precisions necess\u00e0ries per a l&#039;enviament correcte del paquet.<\/p>\n<p style=\"text-align: justify;\">En cas de no poder realitzar el lliurament en el termini de 6 setmanes, el client t\u00e9 dret a rescindir el contracte. La ren\u00fancia ha de ser per escrit.<\/p>\n<h3 id=\"derecho-desistimiento\">8. Dret de desistiment<\/h3>\n<p style=\"text-align: justify;\">Disposes de catorze (14) dies naturals a partir del lliurament al domicili assenyalat pel client (en virtut del que estableixen els articles 68 i seg\u00fcents del Reial Decret 1\/2007 -segons la redacci\u00f3 donada per la Llei 3\/2014- ) per comunicar-nos que exercites aquest dret.<\/p>\n<p style=\"text-align: justify;\">L&#039;exercici d&#039;aquest dret es realitzar\u00e0 sense cap penalitzaci\u00f3 i sense necessitat d&#039;indicar-ne els motius, si b\u00e9 el client haur\u00e0 de fer-se c\u00e0rrec del cost directe de devoluci\u00f3 de la comanda a <strong>EL GAT AMB POTS SCP.<\/strong><\/p>\n<p style=\"text-align: justify;\">Per formalitzar el dret de desistiment, haureu de contactar amb <strong>EL GAT AMB POTS SCP<\/strong>, a l&#039;adre\u00e7a <a href=\"mailto:elgatambbotes@gmail.com\"><strong>elgatambbotes@gmail.com<\/strong><\/a>, enviant emplenat el formulari de desistiment que s&#039;acompanya <a href=\"https:\/\/www.elgatambbotes.com\/docs\/El_Gat_amb_Botes-formulario-desistimiento.pdf\" target=\"_blank\" rel=\"noopener\"><em><strong>(DESCARGAR DOCUMENT)<\/strong><\/em><\/a> als presents Termes del Servei com a ANNEX 1, sent l&#039;ANNEX 2 c\u00f2pia del seu rebut de compra i\/o factura o b\u00e9 remetent al seu lloc una comunicaci\u00f3 fefaent. Rebuda aquesta comunicaci\u00f3, <strong>EL GAT AMB POTS SCP<\/strong> us indicar\u00e0 la forma d&#039;enviament a les vostres instal\u00b7lacions de la comanda, que s&#039;haur\u00e0 de trobar sense usar i amb totes les vostres etiquetes, embalatges i -si s&#039;escau-, documentaci\u00f3 i elements accessoris originals que hi vinguessin. El cost de la devoluci\u00f3 l&#039;assumir\u00e0 el client i haur\u00e0 de produir-se dins dels catorze (14) dies naturals seg\u00fcents a la data en qu\u00e8 el client hagi informat <strong>EL GAT AMB POTS SCP<\/strong> de la decisi\u00f3 d&#039;exercitar el desistiment.<\/p>\n<p style=\"text-align: justify;\">La devoluci\u00f3 d&#039;imports pagats es dur\u00e0 a terme com m\u00e9s aviat millor i, en tot cas, dins dels catorze (14) dies naturals seg\u00fcents a la data en qu\u00e8 el client hagi informat de la seva decisi\u00f3 de desistiment mitjan\u00e7ant reintegrament segons el m\u00e8tode utilitzat per fer la compra.<\/p>\n<h3 id=\"derecho-revocacion-vendedor\">7. Dret de revocaci\u00f3 del venedor<\/h3>\n<p>La venedora pot procedir a la revocaci\u00f3 del contracte en una de les circumst\u00e0ncies seg\u00fcents:<\/p>\n<ul>\n<li>Errors escrits o errors calculats a la nostra Web.<\/li>\n<li>Si els productes no estan disponibles a un espai de temps previsible.<\/li>\n<li>Si hi ha sospita fundada que el client no complir\u00e0 amb les seves obligacions degudament.<\/li>\n<\/ul>\n<h3 id=\"caso-fuerza-mayor\">8. Cas de for\u00e7a major<\/h3>\n<p style=\"text-align: justify;\">En cas de for\u00e7a major que significativament impedeixi o faci impossible les nostres obligacions, ens d\u00f3na dret a posposar el compliment de les nostres obligacions, durant el per\u00edode en qu\u00e8 es mantinguin les dificultats i podem estendre la data l\u00edmit a una nova data apropiada. Igualment considerant com a motiu de for\u00e7a major, vagues, tancament de ports i condicions similars que directament o indirectament ens afectin.<\/p>\n<h3 id=\"clausula-salvaguarda\">9. Cl\u00e0usula de Salvaguarda<\/h3>\n<p style=\"text-align: justify;\">Totes les cl\u00e0usules o extrems del present contracte han de ser interpretades de forma independent i aut\u00f2noma, i la resta d&#039;estipulacions no estan afectades en cas que una hagi estat declarada NULA per sent\u00e8ncia judicial ferma. Les parts contractants acorden substituir la cl\u00e0usula o cl\u00e0usules afectades per una altra o altres que preservin els efectes perseguits per les parts.<\/p>\n<h3 id=\"resolucion-controversias\">10. Resoluci\u00f3 de Controv\u00e8rsies<\/h3>\n<p style=\"text-align: justify;\"><strong>EL GAT AMB POTS SCP<\/strong> no es fa responsable de la no-execuci\u00f3 de les presents condicions en cas de for\u00e7a major, com la definida pels tribunals espanyols i en cas de manca del client o d&#039;un fet imprevisible per part d&#039;una persona aliena al contracte.<\/p>\n<p style=\"text-align: justify;\">Per a qualsevol diverg\u00e8ncia originada per l&#039;incompliment de les condicions de compravenda, les dues parts se sotmetran expressament als jutjats i tribunals de Sant Feliu de Gu\u00edxols (Girona), llevat del que estableix la normativa de consumidors amb ren\u00fancia al seu si aquest fos un altre.<\/p>\n<p style=\"text-align: justify;\"><strong>EL GAT AMB POTS SCP<\/strong> no es fa responsable de les conseq\u00fc\u00e8ncies que puguin resultar d&#039;una utilitzaci\u00f3 inadequada dels productes venuts a la seva web.<\/p>\n<p style=\"text-align: justify;\">Finalment t&#039;informem que la Comissi\u00f3 Europea facilita una plataforma de resoluci\u00f3 de litigis en l\u00ednia en mat\u00e8ria de consum d&#039;acord amb l&#039;Art. 14.1 del Reglament (UE) 524\/2013: Aquesta plataforma es troba disponible al seg\u00fcent enlla\u00e7: <a href=\"http:\/\/ec.europa.eu\/consumers\/odr\/\" target=\"_blank\" rel=\"noopener\"><strong>http:\/\/ec.europa.eu\/consumers\/odr\/<\/strong><\/a><strong>.<\/strong><\/p>","protected":false},"excerpt":{"rendered":"<p>CONDICIONES GENERALES DE CONTRATACI\u00d3N Introducci\u00f3n Hacer un pedido Informaci\u00f3n sobre los productos Precios Pago protegido Disponibilidad de los productos Entrega Derecho de desistimiento Cl\u00e1usula de salvaguarda Resoluci\u00f3n de controversias 1. Introducci\u00f3n Las condiciones generales de contrataci\u00f3n descritas a continuaci\u00f3n (en adelante \u201cCondiciones Generales\u201d), rigen exclusivamente las relaciones contractuales entre todo usuario de la p\u00e1gina web<br \/><a class=\"moretag\" href=\"https:\/\/www.elgatambbotes.com\/ca\/terminos-y-condiciones\/\">+ Read More<\/a><\/p>","protected":false},"author":3,"featured_media":0,"parent":0,"menu_order":0,"comment_status":"closed","ping_status":"closed","template":"templates\/page-fullwidth_template.php","meta":{"footnotes":""},"class_list":["post-20547","page","type-page","status-publish","hentry"],"_links":{"self":[{"href":"https:\/\/www.elgatambbotes.com\/ca\/wp-json\/wp\/v2\/pages\/20547","targetHints":{"allow":["GET"]}}],"collection":[{"href":"https:\/\/www.elgatambbotes.com\/ca\/wp-json\/wp\/v2\/pages"}],"about":[{"href":"https:\/\/www.elgatambbotes.com\/ca\/wp-json\/wp\/v2\/types\/page"}],"author":[{"embeddable":true,"href":"https:\/\/www.elgatambbotes.com\/ca\/wp-json\/wp\/v2\/users\/3"}],"replies":[{"embeddable":true,"href":"https:\/\/www.elgatambbotes.com\/ca\/wp-json\/wp\/v2\/comments?post=20547"}],"version-history":[{"count":0,"href":"https:\/\/www.elgatambbotes.com\/ca\/wp-json\/wp\/v2\/pages\/20547\/revisions"}],"wp:attachment":[{"href":"https:\/\/www.elgatambbotes.com\/ca\/wp-json\/wp\/v2\/media?parent=20547"}],"curies":[{"name":"wp","href":"https:\/\/api.w.org\/{rel}","templated":true}]}}