{"id":20517,"date":"2024-06-06T22:35:40","date_gmt":"2024-06-06T20:35:40","guid":{"rendered":"https:\/\/www.elgatambbotes.com\/?page_id=20517"},"modified":"2024-07-23T13:00:23","modified_gmt":"2024-07-23T11:00:23","slug":"politica-de-privacidad","status":"publish","type":"page","link":"https:\/\/www.elgatambbotes.com\/ca\/politica-de-privacidad\/","title":{"rendered":"Pol\u00edtica de privacitat"},"content":{"rendered":"<p style=\"text-align: justify;\">La Pol\u00edtica de Privadesa forma part de les Condicions Generals que regeixen aquesta Web.<\/p>\n<h2><span style=\"font-size: 14pt;\">Qui \u00e9s el responsable del tractament de les dades?<\/span><\/h2>\n<p><strong>EL GAT AMB POTS SCP<\/strong><br \/>\nDomicili: Avinguda S&#039;Agar\u00f3, 89 local 12 Edifici Round Store. CP 17250. Castell-Platja d&#039;Aro.<br \/>\nNIF: J72918386<br \/>\nTel: +34 972 817 726<br \/>\nMail: <a href=\"mailto:elgtambbotes@gmail.com\">elgtambbotes@gmail.com<\/a><\/p>\n<p style=\"text-align: justify;\">Pots dirigir-te de qualsevol manera per comunicar-te amb nosaltres.<\/p>\n<p style=\"text-align: justify;\">Ens reservem el dret a modificar o adaptar aquesta Pol\u00edtica de Privadesa en qualsevol moment. Et recomanem revisar-la, i si t&#039;has registrat i accedeixes al teu compte o perfil, se t&#039;informar\u00e0 de les modificacions.<\/p>\n<p>Si ets algun dels col\u00b7lectius seg\u00fcents, consulta la informaci\u00f3:<\/p>\n<h2><span style=\"font-size: 14pt;\">CONTACTES DE LA WEB O DEL CORREU ELECTR\u00d2NIC<\/span><\/h2>\n<h3><span style=\"font-size: 12pt;\">Quines dades recopilem a trav\u00e9s de la Web?<\/span><\/h3>\n<p style=\"text-align: justify;\">Podem tractar el teu IP, quin sistema operatiu o navegador fas servir, i fins i tot la durada de la teva visita, de forma an\u00f2nima.<\/p>\n<p style=\"text-align: justify;\">Si ens facilites dades al formulari de contacte, t&#039;identificar\u00e0s per poder contactar amb tu, en cas que sigui necessari.<\/p>\n<ul>\n<li style=\"text-align: justify;\">Contestar les teves consultes, sol\u00b7licituds o peticions.<\/li>\n<li style=\"text-align: justify;\">Gestionar el servei sol\u00b7licitat, contestar la sol\u00b7licitud o tramitar la teva petici\u00f3.<\/li>\n<li style=\"text-align: justify;\">Informaci\u00f3 per mitjans electr\u00f2nics, que versin sobre la teva sol\u00b7licitud.<\/li>\n<li style=\"text-align: justify;\">Informaci\u00f3 comercial o esdeveniments per mitjans electr\u00f2nics, sempre que hi hagi autoritzaci\u00f3 expressa.<\/li>\n<li style=\"text-align: justify;\">Realitzar an\u00e0lisis i millores a la Web, sobre els nostres productes i serveis. Millorar la nostra estrat\u00e8gia comercial.<\/li>\n<\/ul>\n<p style=\"text-align: justify;\">L&#039;acceptaci\u00f3 i el consentiment de l&#039;interessat: En aquells casos on per realitzar una sol\u00b7licitud sigui necessari emplenar un formulari i fer un clic en el bot\u00f3 d&#039;enviar, la realitzaci\u00f3 del mateix implicar\u00e0 necess\u00e0riament que ha estat informat i n&#039;ha atorgat expressament el consentiment al contingut de la cl\u00e0usula annexada a aquest formulari o acceptaci\u00f3 de la pol\u00edtica de privadesa.<\/p>\n<p>Tots els nostres formularis compten amb el s\u00edmbol * a les dades obligat\u00f2ries. Si no faciliteu aquests camps, o no marqueu el checkbox d&#039;acceptaci\u00f3 de la pol\u00edtica de privadesa, no es permetr\u00e0 l&#039;enviament de la informaci\u00f3. Normalment t\u00e9 la f\u00f3rmula seg\u00fcent: \u201c\u25a1 S\u00f3c major de 14 i he llegit i accepto la Pol\u00edtica de privadesa.\u201d<\/p>\n<h2><span style=\"font-size: 14pt;\">CLIENTS<\/span><\/h2>\n<h3><span style=\"font-size: 12pt;\">Quines dades teves utilitzem?<\/span><\/h3>\n<ul>\n<li style=\"text-align: justify;\">Elaboraci\u00f3 del pressupost i seguiment del mateix mitjan\u00e7ant comunicacions entre ambdues parts.<\/li>\n<li style=\"text-align: justify;\">Informaci\u00f3 per mitjans electr\u00f2nics, que versin sobre la teva sol\u00b7licitud.<\/li>\n<li style=\"text-align: justify;\">Informaci\u00f3 comercial o esdeveniments per mitjans electr\u00f2nics, sempre que hi hagi autoritzaci\u00f3 expressa.<\/li>\n<li style=\"text-align: justify;\">Gestionar els serveis administratius, de comunicacions i de log\u00edstica realitzats pel responsable.<\/li>\n<li style=\"text-align: justify;\">Facturaci\u00f3 i declaraci\u00f3 dels impostos oportuns.<\/li>\n<li style=\"text-align: justify;\">Realitzar les transaccions que corresponguin.<\/li>\n<li style=\"text-align: justify;\">Gestions de control i recobrament.<\/li>\n<\/ul>\n<h2><span style=\"font-size: 14pt;\">PROVEDORS<\/span><\/h2>\n<h3><span style=\"font-size: 12pt;\">Quines dades utilitzem com a prove\u00efdor?<\/span><\/h3>\n<ul>\n<li style=\"text-align: justify;\">Informaci\u00f3 per mitjans electr\u00f2nics, que versin sobre la teva sol\u00b7licitud.<\/li>\n<li style=\"text-align: justify;\">Informaci\u00f3 comercial o esdeveniments per mitjans electr\u00f2nics, sempre que hi hagi autoritzaci\u00f3 expressa.<\/li>\n<li style=\"text-align: justify;\">Gestionar els serveis administratius, de comunicacions i de log\u00edstica realitzats pel responsable.<\/li>\n<li style=\"text-align: justify;\">Facturaci\u00f3.<\/li>\n<li style=\"text-align: justify;\">Realitzar les transaccions que corresponguin.<\/li>\n<li style=\"text-align: justify;\">Facturaci\u00f3 i declaraci\u00f3 dels impostos oportuns.<\/li>\n<li style=\"text-align: justify;\">Gestions de control i recobrament.<\/li>\n<\/ul>\n<p style=\"text-align: justify;\">La base legal \u00e9s l&#039;acceptaci\u00f3 d&#039;una relaci\u00f3 contractual, o en defecte el teu consentiment en contactar amb nosaltres o oferir-nos els seus productes per alguna via.<\/p>\n<h2><span style=\"font-size: 14pt;\">CONTACTES XARXES SOCIALS<\/span><\/h2>\n<h3><span style=\"font-size: 12pt;\">Quines dades utilitzem de les xarxes socials?<\/span><\/h3>\n<ul>\n<li style=\"text-align: justify;\">Contestar les teves consultes, sol\u00b7licituds o peticions.<\/li>\n<li style=\"text-align: justify;\">Gestionar el servei sol\u00b7licitat, contestar la sol\u00b7licitud o tramitar la teva petici\u00f3.<\/li>\n<li style=\"text-align: justify;\">Relacionar-nos amb tu i crear una comunitat de seguidors.<\/li>\n<\/ul>\n<p style=\"text-align: justify;\">L&#039;acceptaci\u00f3 d&#039;una relaci\u00f3 contractual a l&#039;entorn de la xarxa social que correspongui, i d&#039;acord amb les seves pol\u00edtiques de privadesa:<\/p>\n<h3><span style=\"font-size: 12pt;\">Durant quant de temps mantindrem les dades personals?<\/span><\/h3>\n<p style=\"text-align: justify;\">Nom\u00e9s podem consultar o donar de baixa les teves dades de manera restringida en tenir un perfil espec\u00edfic. Els tractarem tant de temps com tu ens deixis seguint-nos, sent amics o donant-li \u201cm&#039;agrada\u201d, \u201cseguir\u201d o botons similars.<\/p>\n<p>Qualsevol rectificaci\u00f3 de les teves dades o restricci\u00f3 d&#039;informaci\u00f3 o de publicacions l&#039;has de fer a trav\u00e9s de la configuraci\u00f3 del teu perfil o usuari a la pr\u00f2pia xarxa social.<\/p>\n<h3><span style=\"font-size: 12pt;\">Incloem dades personals de terceres persones?<\/span><\/h3>\n<p style=\"text-align: justify;\">No, com a norma general nom\u00e9s tractem les dades que ens faciliten els titulars. Si ens aportes dades de tercers, haur\u00e0s amb car\u00e0cter previ, informar i sol\u00b7licitar el seu consentiment a aquestes persones, o altrament ens eximeixes de qualsevol responsabilitat per l&#039;incompliment d&#039;aquest requisit.<\/p>\n<h3><span style=\"font-size: 12pt;\">I dades de menors?<\/span><\/h3>\n<p style=\"text-align: justify;\">No tractem dades de menors de 14 anys. Per tant, abstingueu-vos de facilitar-los si no teniu aquesta edat o, si escau, de facilitar dades de tercers que no tinguin l&#039;edat esmentada. EL GAT AMB POTS SCP s&#039;eximeix de qualsevol responsabilitat per l&#039;incompliment d&#039;aquesta previsi\u00f3.<\/p>\n<h3><span style=\"font-size: 12pt;\">Realitzarem comunicacions per mitjans electr\u00f2nics?<\/span><\/h3>\n<ul>\n<li style=\"text-align: justify;\">Nom\u00e9s es faran per gestionar la teva sol\u00b7licitud, si \u00e9s un dels mitjans de contacte que ens has facilitat.<\/li>\n<li style=\"text-align: justify;\">Si fem comunicacions comercials hauran estat pr\u00e8viament i expressament autoritzades per tu.<\/li>\n<\/ul>\n<h3><span style=\"font-size: 12pt;\">Quines mesures de seguretat apliquem?<\/span><\/h3>\n<p style=\"text-align: justify;\">Pots estar tranquil: Hem adoptat un nivell \u00f2ptim de protecci\u00f3 de les dades personals que fem servir, i hem instal\u00b7lat tots els mitjans i mesures t\u00e8cniques a la nostra disposici\u00f3 segons l&#039;estat de la tecnologia per evitar la p\u00e8rdua, mal \u00fas, alteraci\u00f3, acc\u00e9s no autoritzat i robatori de les dades personals.<\/p>\n<h3><span style=\"font-size: 12pt;\">A quins destinataris es comunicaran les teves dades?<\/span><\/h3>\n<p style=\"text-align: justify;\">Les teves dades no se cediran a tercers, excepte obligaci\u00f3 legal. En concret, es comunicaran a l&#039;Ag\u00e8ncia Estatal de l&#039;Administraci\u00f3 Tribut\u00e0ria ia bancs i entitats financeres per al cobrament del servei prestat o producte adquirit com als encarregats del tractament necessaris per a l&#039;execuci\u00f3 de l&#039;acord.<\/p>\n<p style=\"text-align: justify;\">En cas de compra o pagament, si tries alguna aplicaci\u00f3, web, plataforma, targeta banc\u00e0ria, o algun altre servei online, les teves dades se cediran a aquesta plataforma o es tractaran al seu entorn, sempre amb la m\u00e0xima seguretat.<\/p>\n<p style=\"text-align: justify;\">Quan us ho ordenem, tindreu acc\u00e9s a la nostra web l&#039;empresa de desenvolupament i manteniment web, o la de hosting. Aquestes tindran signat un contracte de prestaci\u00f3 de serveis que els obliga a mantenir el mateix nivell de privadesa que nosaltres.<\/p>\n<p style=\"text-align: justify;\">Qualsevol transfer\u00e8ncia internacional de dades en utilitzar aplicacions americanes, estar\u00e0 adherida al conveni Privacy Shield, que garanteix que les empreses de programari americ\u00e0 compleixen les pol\u00edtiques de protecci\u00f3 de dades europees en mat\u00e8ria de privadesa.<\/p>\n<h3><span style=\"font-size: 12pt;\">Quins drets tens?<\/span><\/h3>\n<ul>\n<li style=\"text-align: justify;\">A saber si estem tractant les dades o no.<\/li>\n<li style=\"text-align: justify;\">A accedir a les vostres dades personals.<\/li>\n<li style=\"text-align: justify;\">A sol\u00b7licitar la rectificaci\u00f3 de les teves dades si s\u00f3n inexactes.<\/li>\n<li style=\"text-align: justify;\">A sol\u00b7licitar la supressi\u00f3 de les teves dades si ja no s\u00f3n necess\u00e0ries per a les finalitats per a les quals van ser recollides o si ens retires el consentiment atorgat.<\/li>\n<li style=\"text-align: justify;\">A sol\u00b7licitar la limitaci\u00f3 del tractament de les vostres dades, en alguns sup\u00f2sits, cas en qu\u00e8 nom\u00e9s les conservarem d&#039;acord amb la normativa vigent.<\/li>\n<li style=\"text-align: justify;\">A portar les teves dades, que et seran facilitades en un format estructurat, d\u00fas com\u00fa o lectura mec\u00e0nica. Si ho prefereixes, els podem enviar al nou responsable que ens designis. Nom\u00e9s \u00e9s v\u00e0lid en determinats sup\u00f2sits.<\/li>\n<li style=\"text-align: justify;\">A presentar una reclamaci\u00f3 davant de l&#039;Ag\u00e8ncia Espanyola de Protecci\u00f3 de Dades o autoritat de control competent, si creus que no t&#039;hem at\u00e8s correctament.<\/li>\n<li style=\"text-align: justify;\">A revocar el consentiment per a qualsevol tractament per al qual hagis consentit, en qualsevol moment.<\/li>\n<\/ul>\n<p style=\"text-align: justify;\">Si modifiques alguna dada, t&#039;agra\u00efm que ens ho comuniquis per mantenir-los actualitzats.<\/p>\n<h3><span style=\"font-size: 12pt;\">Voleu un formulari per a l&#039;exercici de Drets?<\/span><\/h3>\n<ul>\n<li style=\"text-align: justify;\">Tenim formularis per a l&#039;exercici dels teus drets, demana&#039;ns-los per email o si ho prefereixes, pots fer servir els elaborats per l&#039;Ag\u00e8ncia Espanyola de Protecci\u00f3 de Dades o tercers.<\/li>\n<li style=\"text-align: justify;\">Aquests formularis han d&#039;anar signats electr\u00f2nicament o acompanyats de fotoc\u00f2pia del DNI.<\/li>\n<li style=\"text-align: justify;\">Si et representa alg\u00fa, ens has d&#039;adjuntar c\u00f2pia del seu DNI, o que el signi amb la signatura electr\u00f2nica.<\/li>\n<li style=\"text-align: justify;\">Els formularis es poden presentar presencialment, enviats per carta o per mail a l&#039;adre\u00e7a del Responsable a l&#039;inici d&#039;aquest text.<\/li>\n<\/ul>\n<h3><span style=\"font-size: 12pt;\">Quan triguem a contestar-te a l&#039;Exercici de Drets?<\/span><\/h3>\n<p style=\"text-align: justify;\">Dep\u00e8n del dret, per\u00f2 com a m\u00e0xim en un mes des de la teva sol\u00b7licitud, i dos mesos si el tema \u00e9s molt complex i et notifiquem que necessitem m\u00e9s temps.<\/p>\n<h3><span style=\"font-size: 12pt;\">Tractem galetes?<\/span><\/h3>\n<p>Si fem servir un altre tipus de cookies que no siguin les necess\u00e0ries, podr\u00e0s consultar la <strong><a href=\"https:\/\/www.elgatambbotes.com\/ca\/politica-de-cookies\/\" target=\"_blank\" rel=\"noopener\">pol\u00edtica de cookies<\/a><\/strong> a l&#039;enlla\u00e7 corresponent des de l&#039;inici de la nostra web.<\/p>\n<h3><span style=\"font-size: 12pt;\">Durant quant de temps mantindrem les teves dades personals?<\/span><\/h3>\n<ul>\n<li style=\"text-align: justify;\">Les dades personals seran mantingudes mentre segueixis vinculat amb nosaltres.<\/li>\n<li style=\"text-align: justify;\">Un cop et desvinculis, les dades personals tractades a cada finalitat es mantindran durant els terminis legalment previstos, incl\u00f2s el termini en qu\u00e8 un jutge o tribunal les pugui requerir atenent el termini de prescripci\u00f3 d&#039;accions judicials.<\/li>\n<li style=\"text-align: justify;\">Les dades tractades es mantindran mentre no expirin els terminis legals al\u00b7ludits anteriorment, si hi hagu\u00e9s obligaci\u00f3 legal de manteniment, o de no existir aquest termini legal, fins que l&#039;interessat sol\u00b7liciti la seva supressi\u00f3 o revoqui el consentiment atorgat.<\/li>\n<li style=\"text-align: justify;\">Mantindrem tota la informaci\u00f3 i comunicacions relatives a la teva compra oa la prestaci\u00f3 del nostre servei, mentre durin les garanties dels productes o serveis, per atendre possibles reclamacions.<\/li>\n<\/ul>","protected":false},"excerpt":{"rendered":"<p>La Pol\u00edtica de Privadesa forma part de les Condicions Generals que regeixen aquesta Web. Qui \u00e9s el responsable del tractament de les dades? EL GAT AMB POTS SCP Domicili: Avinguda S&#039;Agar\u00f3, 89 local 12 Edifici Round Store. CP 17250. Castell-Platja d&#039;Aro. NIF: J72918386 Tel: +34 972 817 726 Mail: elgtambbotes@gmail.com Pots adre\u00e7ar-te de qualsevol<br \/><a class=\"moretag\" href=\"https:\/\/www.elgatambbotes.com\/ca\/politica-de-privacidad\/\">+ Read More<\/a><\/p>","protected":false},"author":3,"featured_media":0,"parent":0,"menu_order":0,"comment_status":"closed","ping_status":"closed","template":"templates\/page-fullwidth_template.php","meta":{"footnotes":""},"class_list":["post-20517","page","type-page","status-publish","hentry"],"_links":{"self":[{"href":"https:\/\/www.elgatambbotes.com\/ca\/wp-json\/wp\/v2\/pages\/20517","targetHints":{"allow":["GET"]}}],"collection":[{"href":"https:\/\/www.elgatambbotes.com\/ca\/wp-json\/wp\/v2\/pages"}],"about":[{"href":"https:\/\/www.elgatambbotes.com\/ca\/wp-json\/wp\/v2\/types\/page"}],"author":[{"embeddable":true,"href":"https:\/\/www.elgatambbotes.com\/ca\/wp-json\/wp\/v2\/users\/3"}],"replies":[{"embeddable":true,"href":"https:\/\/www.elgatambbotes.com\/ca\/wp-json\/wp\/v2\/comments?post=20517"}],"version-history":[{"count":0,"href":"https:\/\/www.elgatambbotes.com\/ca\/wp-json\/wp\/v2\/pages\/20517\/revisions"}],"wp:attachment":[{"href":"https:\/\/www.elgatambbotes.com\/ca\/wp-json\/wp\/v2\/media?parent=20517"}],"curies":[{"name":"wp","href":"https:\/\/api.w.org\/{rel}","templated":true}]}}