{"id":20515,"date":"2024-06-06T22:35:23","date_gmt":"2024-06-06T20:35:23","guid":{"rendered":"https:\/\/www.elgatambbotes.com\/?page_id=20515"},"modified":"2024-08-03T18:39:57","modified_gmt":"2024-08-03T16:39:57","slug":"aviso-legal","status":"publish","type":"page","link":"https:\/\/www.elgatambbotes.com\/ca\/aviso-legal\/","title":{"rendered":"Av\u00eds legal"},"content":{"rendered":"<p style=\"text-align: justify;\">T&#039;agra\u00efm que hagis decidit visitar-nos. Volem que la teva experi\u00e8ncia al lloc sigui el millor possible.<\/p>\n<p style=\"text-align: justify;\">Per accedir als nostres serveis, declares que <strong>ets major d&#039;edat<\/strong> i que tens capacitat legal d&#039;obrar d&#039;acord amb les lleis del teu pa\u00eds.<\/p>\n<p style=\"text-align: justify;\">L&#039;acc\u00e9s i la navegaci\u00f3 al lloc web, o l&#039;\u00fas dels serveis del mateix, impliquen l&#039;acceptaci\u00f3 expressa i \u00edntegra d&#039;aquestes totes i cadascuna de les presents Condicions Generals, incloses tant les Condicions Particulars fixades per a certes promocions com la Pol\u00edtica de Privadesa i Cookies, relativa a les finalitats dels tractaments de les dades que ens facilitis. Si us plau, et recomanem que les llegeixis atentament.<\/p>\n<h2><span style=\"font-size: 13pt;\">1. Informaci\u00f3 Legal<\/span><\/h2>\n<p style=\"text-align: justify;\">En compliment de la Llei 34\/2002, de 11 de juliol, de Serveis de la Societat de la Informaci\u00f3 i del Comer\u00e7 Electr\u00f2nic, les dades identificatives del titular del Portal Web s\u00f3n:<\/p>\n<p><strong>EL GAT AMB POTS SCP<\/strong>.<br \/>\nAvinguda S&#039;Agar\u00f3, 89 local 12 \u2013 Edifici Round Store. 17250 Castell-Platja d&#039;Aro<br \/>\nCIF J72918386<\/p>\n<p style=\"text-align: justify;\">Per a qualsevol dubte o consulta, podeu posar-vos en contacte amb nosaltres a trav\u00e9s del Telf: <strong>+34 972 817 726<\/strong>, e-mail: <a href=\"mailto:gatambbotes@gmail.com\"><strong>gatambbotes@gmail.com<\/strong><\/a><\/p>\n<p style=\"text-align: justify;\">L&#039;acc\u00e9s suposa l&#039;acceptaci\u00f3 expressa de l&#039;Usuari a les presents Condicions Generals d&#039;\u00das, que podran ser modificades o substitu\u00efdes pel titular en qualsevol moment i sense av\u00eds previ.<\/p>\n<h2><span style=\"font-size: 13pt;\">2. Condicions Generals d&#039;\u00das<\/span><\/h2>\n<p style=\"text-align: justify;\">Les Condicions Generals seg\u00fcents regulen l&#039;\u00fas i l&#039;acc\u00e9s al portal web, la finalitat del qual \u00e9s ser porta d&#039;entrada a <strong>EL GAT AMB POTS SCP<\/strong>, oferint als usuaris informaci\u00f3, serveis i continguts via Web. A trav\u00e9s de la p\u00e0gina web, l&#039;usuari t\u00e9 acc\u00e9s a informaci\u00f3 sobre productes i serveis espec\u00edfics, eines i aplicacions.<\/p>\n<p style=\"text-align: justify;\">Les dades i informacions sobre productes o serveis, preus i caracter\u00edstiques o altres dades rellevants ofertes a trav\u00e9s de la p\u00e0gina web s\u00f3n realitzades, proporcionades i actualitzades per Prove\u00efdors i terceres empreses. <strong>EL GAT AMB POTS SCP<\/strong> no \u00e9s, en cap cas, responsable d&#039;aquestes dades i informacions ni assumeix cap obligaci\u00f3 sobre aquestes dades.<\/p>\n<p style=\"text-align: justify;\">L&#039;Usuari es compromet a fer un \u00fas adequat dels continguts, serveis, aplicacions i eines que estan accessibles, amb subjecci\u00f3 a la Llei ia les presents Condicions Generals d&#039;\u00das i, si escau, a les Condicions Particulars que es puguin establir per a l&#039;acc\u00e9s a determinats serveis i aplicacions, respectant en tot moment els altres usuaris de la mateixa.<\/p>\n<p style=\"text-align: justify;\">En cas d&#039;incompliment total o parcial per l&#039;usuari de les presents condicions generals d&#039;\u00fas, <strong>EL GAT AMB POTS SCP<\/strong> es reserva el dret de denegar l&#039;acc\u00e9s sense necessitat de previ av\u00eds a l&#039;Usuari.<\/p>\n<h2><span style=\"font-size: 13pt;\">3. Obligacions generals de l&#039;usuari<\/span><\/h2>\n<p style=\"text-align: justify;\">L&#039;usuari, en acceptar les presents condicions generals d&#039;\u00fas, s&#039;obliga expressament a:<\/p>\n<ul>\n<li>No realitzar cap acci\u00f3 destinada a perjudicar, bloquejar, danyar, inutilitzar, sobrecarregar, de forma temporal o definitiva, les funcionalitats, eines, continguts i\/o la infraestructura de la p\u00e0gina web, de manera que n&#039;impedeixi la utilitzaci\u00f3 normal.<\/li>\n<li style=\"text-align: justify;\">Custodiar i mantenir la confidencialitat de les claus d&#039;acc\u00e9s associades al nom d&#039;usuari, i \u00e9s responsable de la utilitzaci\u00f3 d&#039;aquestes claus d&#039;accessos personals i intransferibles per part de tercers.<\/li>\n<li>No introduir ni realitzar continguts injuriosos o calumniosos, tant d&#039;altres usuaris com de terceres empreses alienes a <strong>EL GAT AMB POTS SCP<\/strong><\/li>\n<li style=\"text-align: justify;\">No utilitzar qualsevol dels materials i informacions continguts en aquest Lloc Web amb fins il\u00b7l\u00edcits i expressament prohibits en aquestes Condicions Generals d&#039;\u00das, aix\u00ed com a les condicions particulars que, si escau, s&#039;estableixin per a determinades aplicacions i\/o utilitats i que resultin contraris als drets i interessos de <strong>EL GAT AMB POTS SCP<\/strong>, els seus usuaris i\/o tercers.<\/li>\n<li style=\"text-align: justify;\">No oferir ni distribuir productes i serveis, ni realitzar publicitat o comunicacions comercials no sol\u00b7licitades a altres usuaris i visitants de <strong>EL GAT AMB POTS SCP<\/strong><\/li>\n<\/ul>\n<p style=\"text-align: justify;\">L&#039;Usuari respondr\u00e0 dels tots els danys i perjudicis de tota naturalesa que <strong>EL GAT AMB POTS SCP<\/strong> o qualsevol tercer pugui patir com a conseq\u00fc\u00e8ncia de l&#039;incompliment de qualsevol de les obligacions a qu\u00e8 queda sotm\u00e8s per virtut d&#039;aquestes Condicions Generals d&#039;\u00das o de la llei en relaci\u00f3 amb l&#039;acc\u00e9s i\/o la utilitzaci\u00f3 de la p\u00e0gina .<\/p>\n<h2><span style=\"font-size: 13pt;\">4. Propietat Intel\u00b7lectual i Industrial<\/span><\/h2>\n<p style=\"text-align: justify;\">El lloc web, les p\u00e0gines que compr\u00e8n i la informaci\u00f3 o elements continguts en aquestes (incloent-hi textos, documents, fotografies, dibuixos, representacions gr\u00e0fiques, entre d&#039;altres), aix\u00ed com logotips, marques, noms comercials o altres signes distintius, es troben protegits per drets de propietat intel\u00b7lectual o industrial, dels quals <strong>EL GAT AMB POTS SCP<\/strong> \u00e9s titular o ostenta autoritzaci\u00f3 per a la seva utilitzaci\u00f3 i comunicaci\u00f3 p\u00fablica dels leg\u00edtims titulars de les mateixes.<\/p>\n<p style=\"text-align: justify;\">L&#039;Usuari s&#039;obliga a fer servir els continguts de manera diligent i correcta, d&#039;acord amb la llei, la moral i l&#039;ordre p\u00fablic. <strong>EL GAT AMB POTS SCP<\/strong> autoritza l&#039;Usuari per visualitzar la informaci\u00f3 que cont\u00e9 aquest lloc web, aix\u00ed com per efectuar reproduccions privades (simple activitat de desc\u00e0rrega i emmagatzematge en els seus sistemes inform\u00e0tics), sempre que els elements siguin destinats \u00fanicament a l&#039;\u00fas personal. En cap cas, aix\u00f2 significar\u00e0 una autoritzaci\u00f3 o llic\u00e8ncia sobre els drets de propietat de <strong>EL GAT AMB POTS SCP<\/strong> o dels leg\u00edtims titulars de les mateixes.<\/p>\n<p style=\"text-align: justify;\">L&#039;Usuari no est\u00e0 autoritzat per procedir a la distribuci\u00f3, modificaci\u00f3, cessi\u00f3 o comunicaci\u00f3 p\u00fablica de la informaci\u00f3 continguda en aquesta Web en qualsevol forma i qualsevol que sigui la seva finalitat.<\/p>\n<h2><span style=\"font-size: 13pt;\"><strong>5. Enlla\u00e7os<\/strong><\/span><\/h2>\n<p style=\"text-align: justify;\">Les connexions i enlla\u00e7os a llocs o p\u00e0gines web de tercers s&#039;han establert \u00fanicament com a utilitat per a l&#039;usuari. <strong>EL GAT AMB POTS SCP<\/strong> no \u00e9s, en cap cas, responsable de les mateixes o del contingut.<\/p>\n<p style=\"text-align: justify;\"><strong>EL GAT AMB POTS SCP<\/strong> no assumeix cap responsabilitat derivada de lexist\u00e8ncia denlla\u00e7os entre els continguts daquest lloc i continguts situats fora del mateix o de qualsevol altra menci\u00f3 de continguts externs a aquest lloc. Aquests enlla\u00e7os o mencions tenen una finalitat exclusivament informativa i, en cap cas, impliquen el suport, aprovaci\u00f3, comercialitzaci\u00f3 o cap relaci\u00f3 entre <strong>EL GAT AMB POTS SCP<\/strong> i les persones o entitats autores i\/o gestores de tals continguts o titulars dels llocs on es trobin.<\/p>\n<p>Per fer enlla\u00e7os amb la p\u00e0gina web ser\u00e0 necess\u00e0ria lautoritzaci\u00f3 expressa i per escrit dels titulars del portal.<\/p>\n<h2><span style=\"font-size: 13pt;\">6. Responsabilitat<\/span><\/h2>\n<p style=\"text-align: justify;\"><strong>EL GAT AMB POTS SCP<\/strong> no garanteix l&#039;acc\u00e9s continuat, ni la correcta visualitzaci\u00f3, desc\u00e0rrega o utilitat dels elements i informaci\u00f3 continguts a les p\u00e0gines del portal que es poden veure impedits, dificultats o interromputs per factors o circumst\u00e0ncies fora del seu control o alienes a la seva voluntat, ni d&#039;aquells que siguin produ\u00efts per l&#039;exist\u00e8ncia de virus inform\u00e0tics a Internet.<\/p>\n<p style=\"text-align: justify;\"><strong>EL GAT AMB POTS SCP<\/strong> no assumeix cap responsabilitat per danys, perjudicis, p\u00e8rdues, reclamacions o despeses, produ\u00efdes per:<\/p>\n<ol>\n<li style=\"text-align: justify;\">Interfer\u00e8ncies, interrupcions, fallades, omissions, retards, bloquejos o desconnexions, motivades per errors a les l\u00ednies i xarxes de telecomunicacions o per qualsevol altra causa aliena al control de <strong>EL GAT AMB POTS SCP<\/strong><\/li>\n<li style=\"text-align: justify;\">Intromissions il\u00b7leg\u00edtimes mitjan\u00e7ant l&#039;\u00fas de programes malignes de qualsevol tipus ia trav\u00e9s de qualsevol mitj\u00e0 de comunicaci\u00f3, com ara virus inform\u00e0tics o qualssevol altres;<\/li>\n<li style=\"text-align: justify;\">\u00das indegut o inadequat de la p\u00e0gina web de <strong>EL GAT AMB POTS SCP<\/strong><\/li>\n<li style=\"text-align: justify;\">Errors de seguretat o navegaci\u00f3 produ\u00efts per un mal funcionament del navegador o per l\u00fas de versions no actualitzades.<\/li>\n<\/ol>\n<p style=\"text-align: justify;\"><strong>EL GAT AMB POTS SCP<\/strong> no \u00e9s responsable ni en cap cas respondr\u00e0 davant els usuaris i tercers sobre actes de qualsevol tercer ali\u00e8 a EL GAT AMB BOTES SCP que comporti o pugui suposar la realitzaci\u00f3 d&#039;actes de compet\u00e8ncia deslleial i publicitat il\u00b7l\u00edcita o la infracci\u00f3 dels drets de propietat intel\u00b7lectual i industrial, dels secrets empresarials, de compromisos contractuals de qualsevol classe, dels drets a l&#039;honor, a la intimitat personal i familiar ia la imatge, dels drets de propietat i de tota altra naturalesa pertanyents a un tercer per ra\u00f3 de la transmissi\u00f3, difusi\u00f3, emmagatzematge, posada a disposici\u00f3, recepci\u00f3, obtenci\u00f3 o acc\u00e9s als continguts.<\/p>\n<h2><span style=\"font-size: 13pt;\">7. Protecci\u00f3 de Dades de Car\u00e0cter Personal<\/span><\/h2>\n<p style=\"text-align: justify;\">Tota la pol\u00edtica de tractament de dades personals la trobar\u00e0s a la <a href=\"https:\/\/www.elgatambbotes.com\/ca\/politica-de-privacidad\/\" target=\"_blank\" rel=\"noopener\"><strong>Pol\u00edtica de Privadesa<\/strong><\/a>, que forma part integrant d&#039;aquestes Condicions Generals per\u00f2 que, per simplicitat, hem posat en un document a part: <a href=\"https:\/\/www.elgatambbotes.com\/ca\/politica-de-privacidad\/\" target=\"_blank\" rel=\"noopener\"><strong>Pol\u00edtica de Privadesa<\/strong><\/a>.<\/p>\n<h2><span style=\"font-size: 13pt;\">8. Legislaci\u00f3 <\/span><strong><br \/>\n<\/strong><\/h2>\n<p style=\"text-align: justify;\">Aquest Av\u00eds Legal i els seus termes i condicions es regiran i interpretaran dacord amb la Legislaci\u00f3 Espanyola. L&#039;usuari, pel sol fet d&#039;accedir a la p\u00e0gina web o obtenir la condici\u00f3 d&#039;usuari registrat, atorga, de forma irrevocable, el seu consentiment que els tribunals competents per defecte puguin con\u00e8ixer qualsevol acci\u00f3 judicial derivada o relacionada amb aquestes condicions, o amb el seu \u00fas d&#039;aquest Lloc o la navegaci\u00f3 realitzada pel mateix Lloc.<\/p>\n<p style=\"text-align: justify;\">Si alguna cl\u00e0usula o apartat de les presents Condicions Generals, que no sigui de naturalesa essencial per a la seva exist\u00e8ncia, \u00e9s declarada nul\u00b7la o inaplicable, la validesa de les restants cl\u00e0usules no es veur\u00e0 afectada.<\/p>","protected":false},"excerpt":{"rendered":"<p>Te agradecemos que hayas decidido visitarnos. Queremos que tu experiencia en el sitio sea lo mejor posible. Para acceder a nuestros servicios, declaras que eres mayor de edad y que tienes capacidad legal de obrar de acuerdo a las leyes te tu pa\u00eds. El acceso y la navegaci\u00f3n en el sitio web, o el uso<br \/><a class=\"moretag\" href=\"https:\/\/www.elgatambbotes.com\/ca\/aviso-legal\/\">+ Read More<\/a><\/p>","protected":false},"author":3,"featured_media":0,"parent":0,"menu_order":0,"comment_status":"closed","ping_status":"closed","template":"templates\/page-fullwidth_template.php","meta":{"footnotes":""},"class_list":["post-20515","page","type-page","status-publish","hentry"],"_links":{"self":[{"href":"https:\/\/www.elgatambbotes.com\/ca\/wp-json\/wp\/v2\/pages\/20515","targetHints":{"allow":["GET"]}}],"collection":[{"href":"https:\/\/www.elgatambbotes.com\/ca\/wp-json\/wp\/v2\/pages"}],"about":[{"href":"https:\/\/www.elgatambbotes.com\/ca\/wp-json\/wp\/v2\/types\/page"}],"author":[{"embeddable":true,"href":"https:\/\/www.elgatambbotes.com\/ca\/wp-json\/wp\/v2\/users\/3"}],"replies":[{"embeddable":true,"href":"https:\/\/www.elgatambbotes.com\/ca\/wp-json\/wp\/v2\/comments?post=20515"}],"version-history":[{"count":0,"href":"https:\/\/www.elgatambbotes.com\/ca\/wp-json\/wp\/v2\/pages\/20515\/revisions"}],"wp:attachment":[{"href":"https:\/\/www.elgatambbotes.com\/ca\/wp-json\/wp\/v2\/media?parent=20515"}],"curies":[{"name":"wp","href":"https:\/\/api.w.org\/{rel}","templated":true}]}}