{"id":20508,"date":"2024-07-09T18:06:11","date_gmt":"2024-07-09T16:06:11","guid":{"rendered":"https:\/\/www.elgatambbotes.com\/?page_id=20508"},"modified":"2025-02-25T13:31:07","modified_gmt":"2025-02-25T12:31:07","slug":"reembolso_devoluciones","status":"publish","type":"page","link":"https:\/\/www.elgatambbotes.com\/ca\/reembolso_devoluciones\/","title":{"rendered":"Pol\u00edtica de devolucions i reemborsament"},"content":{"rendered":"<h2 style=\"text-align: center;\">POL\u00cdTICA DE REEMBORSAMENT<\/h2>\n<h3>Dret de desistiment<\/h3>\n<p style=\"text-align: justify;\">Disposes de catorze (14) dies naturals a partir del lliurament al domicili assenyalat pel client (en virtut del que estableixen els articles 68 i seg\u00fcents del Reial Decret 1\/2007 -segons la redacci\u00f3 donada per la Llei 3\/2014- ) per comunicar-nos que exercites aquest dret.<\/p>\n<p style=\"text-align: justify;\">L&#039;exercici d&#039;aquest dret es realitzar\u00e0 sense cap penalitzaci\u00f3 i sense necessitat d&#039;indicar-ne els motius, si b\u00e9 el client haur\u00e0 de fer-se c\u00e0rrec del cost directe de devoluci\u00f3 de la comanda a <strong>EL GAT AMB POTS SCP<\/strong><\/p>\n<p style=\"text-align: justify;\">Per formalitzar el dret de desistiment, haur\u00e0s de contactar amb <strong>EL GAT AMB POTS SCP<\/strong>, a l&#039;adre\u00e7a <a href=\"mailto:info@elgatambbotes.com\"><strong>info@elgatambbotes.com<\/strong><\/a>, enviant emplenat el formulari de desistiment que s&#039;acompanya\u00a0<a href=\"https:\/\/www.elgatambbotes.com\/docs\/El_Gat_amb_Botes-formulario-desistimiento.pdf\" target=\"_blank\" rel=\"noopener\"><em><strong>(DESCARGAR DOCUMENT)<\/strong><\/em><\/a> als presents Termes i Condicions com ANNEX 1 o b\u00e9 remetent al seu lloc una comunicaci\u00f3 fefaent.<\/p>\n<p style=\"text-align: justify;\">Rebuda aquesta comunicaci\u00f3, <strong>EL GAT AMB POTS SCP<\/strong> t&#039;indicar\u00e0 la forma d&#039;enviament a les seves instal\u00b7lacions de la comanda, que haur\u00e0 de trobar-se sense fer servir i amb totes les seves etiquetes, embalatges i -si \u00e9s el cas-, documentaci\u00f3 i elements accessoris originals que hi vinguessin.<\/p>\n<p style=\"text-align: justify;\">S&#039;haur\u00e0 de produir dins dels catorze (14) dies naturals seg\u00fcents a la data en qu\u00e8 el client hagi informat a <strong>EL GAT AMB POTS SCP<\/strong> de la decisi\u00f3 d&#039;exercitar el desistiment.<\/p>\n<p style=\"text-align: justify;\">La devoluci\u00f3 d&#039;imports pagats es dur\u00e0 a terme com m\u00e9s aviat millor i, en tot cas, dins dels catorze (14) dies naturals seg\u00fcents a la data en qu\u00e8 el client hagi informat de la seva decisi\u00f3 de desistiment mitjan\u00e7ant reintegrament a la targeta de cr\u00e8dit o d\u00e8bit utilitzada per realitzar la compra.<\/p>","protected":false},"excerpt":{"rendered":"<p>POL\u00cdTICA DE REEMBOLSO Derecho de desistimiento Dispones de catorce (14) d\u00edas naturales a partir de la entrega en el domicilio se\u00f1alado por el cliente (en virtud de lo establecido en los art\u00edculos 68 y siguientes del Real Decreto 1\/2007 \u2013seg\u00fan la redacci\u00f3n dada por la Ley 3\/2014-) para comunicarnos que ejercitas este derecho. El ejercicio<br \/><a class=\"moretag\" href=\"https:\/\/www.elgatambbotes.com\/ca\/reembolso_devoluciones\/\">+ Read More<\/a><\/p>","protected":false},"author":2,"featured_media":0,"parent":0,"menu_order":0,"comment_status":"closed","ping_status":"closed","template":"templates\/page-fullwidth_template.php","meta":{"footnotes":""},"class_list":["post-20508","page","type-page","status-publish","hentry"],"_links":{"self":[{"href":"https:\/\/www.elgatambbotes.com\/ca\/wp-json\/wp\/v2\/pages\/20508","targetHints":{"allow":["GET"]}}],"collection":[{"href":"https:\/\/www.elgatambbotes.com\/ca\/wp-json\/wp\/v2\/pages"}],"about":[{"href":"https:\/\/www.elgatambbotes.com\/ca\/wp-json\/wp\/v2\/types\/page"}],"author":[{"embeddable":true,"href":"https:\/\/www.elgatambbotes.com\/ca\/wp-json\/wp\/v2\/users\/2"}],"replies":[{"embeddable":true,"href":"https:\/\/www.elgatambbotes.com\/ca\/wp-json\/wp\/v2\/comments?post=20508"}],"version-history":[{"count":0,"href":"https:\/\/www.elgatambbotes.com\/ca\/wp-json\/wp\/v2\/pages\/20508\/revisions"}],"wp:attachment":[{"href":"https:\/\/www.elgatambbotes.com\/ca\/wp-json\/wp\/v2\/media?parent=20508"}],"curies":[{"name":"wp","href":"https:\/\/api.w.org\/{rel}","templated":true}]}}